{"id":2087,"date":"2016-05-29T09:00:13","date_gmt":"2016-05-29T09:00:13","guid":{"rendered":"http:\/\/rome.staging.folkmatic.com\/de\/wine-cellar\/"},"modified":"2017-09-01T14:26:03","modified_gmt":"2017-09-01T14:26:03","slug":"weinkeller","status":"publish","type":"page","link":"https:\/\/romecavalieri.com\/de\/weinkeller\/","title":{"rendered":"Weinkeller"},"content":{"rendered":"<p>Weinliebhaber k\u00f6nnen ihr Gl\u00fcck kaum fassen, wenn sie Chef Sommelier Marco Reitanos Weinkarten sehen. Marco Reitano hat nicht nur eine, sondern gleich zwei Weinkarten zusammengestellt. Die eine umfasst Weine aus der ganzen Welt, w\u00e4hrend die andere sich nur auf Weine Italiens konzentriert. Selbstverst\u00e4ndlich findet er jederzeit den richtigen Wein, um den au\u00dfergew\u00f6hnlichen, kulinarischen Genuss der Sie im La Pergola erwartet, elegant abzurunden.<\/p>\n","protected":false},"excerpt":{"rendered":"<p>Weinliebhaber k\u00f6nnen ihr Gl\u00fcck kaum fassen, wenn sie Chef Sommelier Marco Reitanos Weinkarten sehen. Marco Reitano hat nicht nur eine, sondern gleich zwei Weinkarten zusammengestellt. Die eine umfasst Weine aus der ganzen Welt, w\u00e4hrend die andere sich nur auf Weine Italiens konzentriert. Selbstverst\u00e4ndlich findet er jederzeit den richtigen Wein, um den au\u00dfergew\u00f6hnlichen, kulinarischen Genuss der [&hellip;]<\/p>\n","protected":false},"author":3,"featured_media":5959,"parent":0,"menu_order":0,"comment_status":"closed","ping_status":"closed","template":"templates\/template-room-v2.php","meta":{"_acf_changed":false,"footnotes":""},"class_list":["post-2087","page","type-page","status-publish","has-post-thumbnail","hentry"],"acf":[],"_links":{"self":[{"href":"https:\/\/romecavalieri.com\/de\/wp-json\/wp\/v2\/pages\/2087","targetHints":{"allow":["GET"]}}],"collection":[{"href":"https:\/\/romecavalieri.com\/de\/wp-json\/wp\/v2\/pages"}],"about":[{"href":"https:\/\/romecavalieri.com\/de\/wp-json\/wp\/v2\/types\/page"}],"author":[{"embeddable":true,"href":"https:\/\/romecavalieri.com\/de\/wp-json\/wp\/v2\/users\/3"}],"replies":[{"embeddable":true,"href":"https:\/\/romecavalieri.com\/de\/wp-json\/wp\/v2\/comments?post=2087"}],"version-history":[{"count":9,"href":"https:\/\/romecavalieri.com\/de\/wp-json\/wp\/v2\/pages\/2087\/revisions"}],"predecessor-version":[{"id":8226,"href":"https:\/\/romecavalieri.com\/de\/wp-json\/wp\/v2\/pages\/2087\/revisions\/8226"}],"wp:featuredmedia":[{"embeddable":true,"href":"https:\/\/romecavalieri.com\/de\/wp-json\/wp\/v2\/media\/5959"}],"wp:attachment":[{"href":"https:\/\/romecavalieri.com\/de\/wp-json\/wp\/v2\/media?parent=2087"}],"curies":[{"name":"wp","href":"https:\/\/api.w.org\/{rel}","templated":true}]}}