{"id":2088,"date":"2016-04-28T12:19:10","date_gmt":"2016-04-28T12:19:10","guid":{"rendered":"http:\/\/rome.staging.folkmatic.com\/de\/luliveto\/"},"modified":"2021-03-12T12:01:37","modified_gmt":"2021-03-12T12:01:37","slug":"l-uliveto-de","status":"publish","type":"page","link":"https:\/\/romecavalieri.com\/de\/l-uliveto-de\/","title":{"rendered":"L\u2019Uliveto"},"content":{"rendered":"<p>Sobald die Sonne strahlt, werden im L\u2019Uliveto die Verandat\u00fcren weit ge\u00f6ffnet und die G\u00e4ste str\u00f6men auf die Terrassen, um in warmen Sonnenschein die hervorragenden, typisch italienischen Gerichte und verf\u00fchrerischen Eiscremespezialit\u00e4ten zu genie\u00dfen. Die Augen mit dunklen, eleganten Sonnenbrillen gesch\u00fctzt, nippt man an gek\u00fchlten Weinen von der \u201eLe Strade dei Vini\u201c.<\/p>\n","protected":false},"excerpt":{"rendered":"<p>Sobald die Sonne strahlt, werden im L\u2019Uliveto die Verandat\u00fcren weit ge\u00f6ffnet und die G\u00e4ste str\u00f6men auf die Terrassen, um in warmen Sonnenschein die hervorragenden, typisch italienischen Gerichte und verf\u00fchrerischen Eiscremespezialit\u00e4ten zu genie\u00dfen. Die Augen mit dunklen, eleganten Sonnenbrillen gesch\u00fctzt, nippt man an gek\u00fchlten Weinen von der \u201eLe Strade dei Vini\u201c.<\/p>\n","protected":false},"author":3,"featured_media":8112,"parent":0,"menu_order":0,"comment_status":"closed","ping_status":"closed","template":"templates\/template-feature.php","meta":{"_acf_changed":false,"footnotes":""},"class_list":["post-2088","page","type-page","status-publish","has-post-thumbnail","hentry"],"acf":[],"_links":{"self":[{"href":"https:\/\/romecavalieri.com\/de\/wp-json\/wp\/v2\/pages\/2088","targetHints":{"allow":["GET"]}}],"collection":[{"href":"https:\/\/romecavalieri.com\/de\/wp-json\/wp\/v2\/pages"}],"about":[{"href":"https:\/\/romecavalieri.com\/de\/wp-json\/wp\/v2\/types\/page"}],"author":[{"embeddable":true,"href":"https:\/\/romecavalieri.com\/de\/wp-json\/wp\/v2\/users\/3"}],"replies":[{"embeddable":true,"href":"https:\/\/romecavalieri.com\/de\/wp-json\/wp\/v2\/comments?post=2088"}],"version-history":[{"count":38,"href":"https:\/\/romecavalieri.com\/de\/wp-json\/wp\/v2\/pages\/2088\/revisions"}],"predecessor-version":[{"id":12744,"href":"https:\/\/romecavalieri.com\/de\/wp-json\/wp\/v2\/pages\/2088\/revisions\/12744"}],"wp:featuredmedia":[{"embeddable":true,"href":"https:\/\/romecavalieri.com\/de\/wp-json\/wp\/v2\/media\/8112"}],"wp:attachment":[{"href":"https:\/\/romecavalieri.com\/de\/wp-json\/wp\/v2\/media?parent=2088"}],"curies":[{"name":"wp","href":"https:\/\/api.w.org\/{rel}","templated":true}]}}