{"id":2114,"date":"2016-05-29T10:08:32","date_gmt":"2016-05-29T10:08:32","guid":{"rendered":"http:\/\/rome.staging.folkmatic.com\/de\/grand-spa-body-massages\/"},"modified":"2024-03-23T15:51:06","modified_gmt":"2024-03-23T15:51:06","slug":"cavalieri-grand-spa-club-massagen","status":"publish","type":"page","link":"https:\/\/romecavalieri.com\/de\/cavalieri-grand-spa-club-massagen\/","title":{"rendered":"Massagen"},"content":{"rendered":"<h3>Lassen Sie Ihren K\u00f6rper schlemmen<\/h2>\n<\/p>\n<p>Unsere Spa-Therapeuten wenden fachm\u00e4nnisch erhabene Therapien an, die sowohl die Kraft der Natur als auch wissenschaftliche Erkenntnisse mit Zutaten wie Kaviar und \u00e4therischen \u00d6len nutzen.<\/p>\n<p><span style=\"color: #2b6e07;\"><a style=\"color: #2b6e07;\" href=\"https:\/\/qrco.de\/bbahcY\" target=\"_blank\" rel=\"noopener\">CAVALIERI GRAND SPA CLUB &#8211; FAQ<\/a><\/span><\/p>\n<p>F\u00fcr Behandlungen und Massagen sind Reservierungen per E-Mail an erforderlich <a href=\"mailto:ROMHI.Fitness@waldorfastoria.com\">ROMHI.Fitness@waldorfastoria.com<\/a><\/p>\n<\/h3>\n","protected":false},"excerpt":{"rendered":"<p>Lassen Sie Ihren K\u00f6rper schlemmen Unsere Spa-Therapeuten wenden fachm\u00e4nnisch erhabene Therapien an, die sowohl die Kraft der Natur als auch wissenschaftliche Erkenntnisse mit Zutaten wie Kaviar und \u00e4therischen \u00d6len nutzen. CAVALIERI GRAND SPA CLUB &#8211; FAQ F\u00fcr Behandlungen und Massagen sind Reservierungen per E-Mail an erforderlich ROMHI.Fitness@waldorfastoria.com<\/p>\n","protected":false},"author":3,"featured_media":2728,"parent":0,"menu_order":0,"comment_status":"closed","ping_status":"closed","template":"templates\/template-room-v2.php","meta":{"_acf_changed":false,"footnotes":""},"class_list":["post-2114","page","type-page","status-publish","has-post-thumbnail","hentry"],"acf":[],"_links":{"self":[{"href":"https:\/\/romecavalieri.com\/de\/wp-json\/wp\/v2\/pages\/2114","targetHints":{"allow":["GET"]}}],"collection":[{"href":"https:\/\/romecavalieri.com\/de\/wp-json\/wp\/v2\/pages"}],"about":[{"href":"https:\/\/romecavalieri.com\/de\/wp-json\/wp\/v2\/types\/page"}],"author":[{"embeddable":true,"href":"https:\/\/romecavalieri.com\/de\/wp-json\/wp\/v2\/users\/3"}],"replies":[{"embeddable":true,"href":"https:\/\/romecavalieri.com\/de\/wp-json\/wp\/v2\/comments?post=2114"}],"version-history":[{"count":23,"href":"https:\/\/romecavalieri.com\/de\/wp-json\/wp\/v2\/pages\/2114\/revisions"}],"predecessor-version":[{"id":13379,"href":"https:\/\/romecavalieri.com\/de\/wp-json\/wp\/v2\/pages\/2114\/revisions\/13379"}],"wp:featuredmedia":[{"embeddable":true,"href":"https:\/\/romecavalieri.com\/de\/wp-json\/wp\/v2\/media\/2728"}],"wp:attachment":[{"href":"https:\/\/romecavalieri.com\/de\/wp-json\/wp\/v2\/media?parent=2114"}],"curies":[{"name":"wp","href":"https:\/\/api.w.org\/{rel}","templated":true}]}}