{"id":2116,"date":"2016-05-29T10:10:24","date_gmt":"2016-05-29T10:10:24","guid":{"rendered":"http:\/\/rome.staging.folkmatic.com\/de\/grand-spa-fitness\/"},"modified":"2024-03-23T16:07:08","modified_gmt":"2024-03-23T16:07:08","slug":"cavalieri-grand-spa-club-fitness-de","status":"publish","type":"page","link":"https:\/\/romecavalieri.com\/de\/cavalieri-grand-spa-club-fitness-de\/","title":{"rendered":"Fitness"},"content":{"rendered":"<p>Auf geht\u2019s<\/p>\n<p>Auf der Spitze des Monte Mario ist die Luft frisch und die Atmosph\u00e4re ruhig. Sport und Fitness ist ein Vergn\u00fcgen in dieser stilvollen Umgebung. Frisch gepresste S\u00e4fte zur Erfrischung und professionelle Einrichtungen bringen Sie in k\u00fcrzester Zeit wieder auf Vordermann.<\/p>\n<p><span style=\"color: #2b6e07;\"><a style=\"color: #2b6e07;\" href=\"https:\/\/qrco.de\/beuZL1\" target=\"_blank\" rel=\"noopener\">CAVALIERI GRAND SPA CLUB &#8211; BROCHURE<\/a><\/span><\/p>\n<p><span style=\"color: #2b6e07;\"><a style=\"color: #2b6e07;\" href=\"https:\/\/qrco.de\/bbahcY\" target=\"_blank\" rel=\"noopener\">CAVALIERI GRAND SPA CLUB &#8211; FAQ<\/a><\/span><\/p>\n<p><a href=\"https:\/\/shop.bookin1.com\/property\/ROMHIVHIT\/vouchers\/list?cat=all\">GIFT CARD<\/a><\/p>\n","protected":false},"excerpt":{"rendered":"<p>Auf geht\u2019s Auf der Spitze des Monte Mario ist die Luft frisch und die Atmosph\u00e4re ruhig. Sport und Fitness ist ein Vergn\u00fcgen in dieser stilvollen Umgebung. Frisch gepresste S\u00e4fte zur Erfrischung und professionelle Einrichtungen bringen Sie in k\u00fcrzester Zeit wieder auf Vordermann. CAVALIERI GRAND SPA CLUB &#8211; BROCHURE CAVALIERI GRAND SPA CLUB &#8211; FAQ GIFT [&hellip;]<\/p>\n","protected":false},"author":3,"featured_media":6870,"parent":0,"menu_order":0,"comment_status":"closed","ping_status":"closed","template":"templates\/template-room-v2.php","meta":{"_acf_changed":false,"footnotes":""},"class_list":["post-2116","page","type-page","status-publish","has-post-thumbnail","hentry"],"acf":[],"_links":{"self":[{"href":"https:\/\/romecavalieri.com\/de\/wp-json\/wp\/v2\/pages\/2116","targetHints":{"allow":["GET"]}}],"collection":[{"href":"https:\/\/romecavalieri.com\/de\/wp-json\/wp\/v2\/pages"}],"about":[{"href":"https:\/\/romecavalieri.com\/de\/wp-json\/wp\/v2\/types\/page"}],"author":[{"embeddable":true,"href":"https:\/\/romecavalieri.com\/de\/wp-json\/wp\/v2\/users\/3"}],"replies":[{"embeddable":true,"href":"https:\/\/romecavalieri.com\/de\/wp-json\/wp\/v2\/comments?post=2116"}],"version-history":[{"count":20,"href":"https:\/\/romecavalieri.com\/de\/wp-json\/wp\/v2\/pages\/2116\/revisions"}],"predecessor-version":[{"id":14450,"href":"https:\/\/romecavalieri.com\/de\/wp-json\/wp\/v2\/pages\/2116\/revisions\/14450"}],"wp:featuredmedia":[{"embeddable":true,"href":"https:\/\/romecavalieri.com\/de\/wp-json\/wp\/v2\/media\/6870"}],"wp:attachment":[{"href":"https:\/\/romecavalieri.com\/de\/wp-json\/wp\/v2\/media?parent=2116"}],"curies":[{"name":"wp","href":"https:\/\/api.w.org\/{rel}","templated":true}]}}