{"id":2118,"date":"2016-05-29T10:11:41","date_gmt":"2016-05-29T10:11:41","guid":{"rendered":"http:\/\/rome.staging.folkmatic.com\/de\/grand-spa-tennis-jogging-circuit\/"},"modified":"2020-03-06T16:58:01","modified_gmt":"2020-03-06T16:58:01","slug":"cavalieri-grand-spa-club-tennis","status":"publish","type":"page","link":"https:\/\/romecavalieri.com\/de\/cavalieri-grand-spa-club-tennis\/","title":{"rendered":"Tennis"},"content":{"rendered":"<h2>Top Spin<\/h2>\n<\/p>\n<h3>Praxis macht sich perfekt und die Tennispl\u00e4tze im Rom Cavalieri bieten ein Freilufttraining f\u00fcr Amateure und Profis gleicherma\u00dfen.<\/h3>\n<\/p>\n<p>Bitte kontaktieren Sie den Concierge, um Ihnen bei der Buchung eines Tennisplatzes behilflich zu sein.<\/p>\n","protected":false},"excerpt":{"rendered":"<p>Top Spin Praxis macht sich perfekt und die Tennispl\u00e4tze im Rom Cavalieri bieten ein Freilufttraining f\u00fcr Amateure und Profis gleicherma\u00dfen. Bitte kontaktieren Sie den Concierge, um Ihnen bei der Buchung eines Tennisplatzes behilflich zu sein.<\/p>\n","protected":false},"author":3,"featured_media":2738,"parent":0,"menu_order":0,"comment_status":"closed","ping_status":"closed","template":"templates\/template-room-v2.php","meta":{"_acf_changed":false,"footnotes":""},"class_list":["post-2118","page","type-page","status-publish","has-post-thumbnail","hentry"],"acf":[],"_links":{"self":[{"href":"https:\/\/romecavalieri.com\/de\/wp-json\/wp\/v2\/pages\/2118","targetHints":{"allow":["GET"]}}],"collection":[{"href":"https:\/\/romecavalieri.com\/de\/wp-json\/wp\/v2\/pages"}],"about":[{"href":"https:\/\/romecavalieri.com\/de\/wp-json\/wp\/v2\/types\/page"}],"author":[{"embeddable":true,"href":"https:\/\/romecavalieri.com\/de\/wp-json\/wp\/v2\/users\/3"}],"replies":[{"embeddable":true,"href":"https:\/\/romecavalieri.com\/de\/wp-json\/wp\/v2\/comments?post=2118"}],"version-history":[{"count":12,"href":"https:\/\/romecavalieri.com\/de\/wp-json\/wp\/v2\/pages\/2118\/revisions"}],"predecessor-version":[{"id":11771,"href":"https:\/\/romecavalieri.com\/de\/wp-json\/wp\/v2\/pages\/2118\/revisions\/11771"}],"wp:featuredmedia":[{"embeddable":true,"href":"https:\/\/romecavalieri.com\/de\/wp-json\/wp\/v2\/media\/2738"}],"wp:attachment":[{"href":"https:\/\/romecavalieri.com\/de\/wp-json\/wp\/v2\/media?parent=2118"}],"curies":[{"name":"wp","href":"https:\/\/api.w.org\/{rel}","templated":true}]}}