{"id":2127,"date":"2016-05-27T06:32:42","date_gmt":"2016-05-27T06:32:42","guid":{"rendered":"http:\/\/rome.staging.folkmatic.com\/de\/v-i-p-important-pets\/"},"modified":"2025-12-04T09:24:07","modified_gmt":"2025-12-04T09:24:07","slug":"very-important-pets-de","status":"publish","type":"page","link":"https:\/\/romecavalieri.com\/de\/very-important-pets-de\/","title":{"rendered":"V.I.P. &#8211; Very Important Pets"},"content":{"rendered":"<p>Contessa Cavalieri ist eine elegante Dackeldame, die im Rome Cavalieri zu Hause ist. Sie ist etwas verw\u00f6hnt aber mit erlesenem Geschmack. Durch die von ihr gesetzten Standards k\u00f6nnen wir sicher sein, dass sich auch der anspruchsvollste Hund bei uns pudelwohl f\u00fchlt.<\/p>\n<p><a href=\"https:\/\/qrco.de\/bd4d4H\">V.I.P. &#8211; Very Important Pets Program<\/a><\/p>\n","protected":false},"excerpt":{"rendered":"<p>Contessa Cavalieri ist eine elegante Dackeldame, die im Rome Cavalieri zu Hause ist. Sie ist etwas verw\u00f6hnt aber mit erlesenem Geschmack. Durch die von ihr gesetzten Standards k\u00f6nnen wir sicher sein, dass sich auch der anspruchsvollste Hund bei uns pudelwohl f\u00fchlt. V.I.P. &#8211; Very Important Pets Program<\/p>\n","protected":false},"author":3,"featured_media":7047,"parent":0,"menu_order":0,"comment_status":"closed","ping_status":"closed","template":"templates\/template-room-v2.php","meta":{"_acf_changed":false,"footnotes":""},"class_list":["post-2127","page","type-page","status-publish","has-post-thumbnail","hentry"],"acf":[],"_links":{"self":[{"href":"https:\/\/romecavalieri.com\/de\/wp-json\/wp\/v2\/pages\/2127","targetHints":{"allow":["GET"]}}],"collection":[{"href":"https:\/\/romecavalieri.com\/de\/wp-json\/wp\/v2\/pages"}],"about":[{"href":"https:\/\/romecavalieri.com\/de\/wp-json\/wp\/v2\/types\/page"}],"author":[{"embeddable":true,"href":"https:\/\/romecavalieri.com\/de\/wp-json\/wp\/v2\/users\/3"}],"replies":[{"embeddable":true,"href":"https:\/\/romecavalieri.com\/de\/wp-json\/wp\/v2\/comments?post=2127"}],"version-history":[{"count":8,"href":"https:\/\/romecavalieri.com\/de\/wp-json\/wp\/v2\/pages\/2127\/revisions"}],"predecessor-version":[{"id":15061,"href":"https:\/\/romecavalieri.com\/de\/wp-json\/wp\/v2\/pages\/2127\/revisions\/15061"}],"wp:featuredmedia":[{"embeddable":true,"href":"https:\/\/romecavalieri.com\/de\/wp-json\/wp\/v2\/media\/7047"}],"wp:attachment":[{"href":"https:\/\/romecavalieri.com\/de\/wp-json\/wp\/v2\/media?parent=2127"}],"curies":[{"name":"wp","href":"https:\/\/api.w.org\/{rel}","templated":true}]}}