{"id":2180,"date":"2016-05-27T06:43:29","date_gmt":"2016-05-27T06:43:29","guid":{"rendered":"http:\/\/rome.staging.folkmatic.com\/de\/waldorf-driving-experience\/"},"modified":"2017-03-01T11:59:48","modified_gmt":"2017-03-01T11:59:48","slug":"super-cars-de","status":"publish","type":"page","link":"https:\/\/romecavalieri.com\/de\/super-cars-de\/","title":{"rendered":"Super Cars"},"content":{"rendered":"<p>Die sch\u00f6nsten Autos der Welt stehen denen hier im Rome Cavalieri zur Verf\u00fcgung, die das Leben gerne auf der \u00dcberholspur genie\u00dfen. Nennen Sie uns Ihren Lieblingswagen und er wird vorgefahren, f\u00fcr eine unvergessliche Probefahrt durch Rom und Umgebung.<\/p>\n","protected":false},"excerpt":{"rendered":"<p>Die sch\u00f6nsten Autos der Welt stehen denen hier im Rome Cavalieri zur Verf\u00fcgung, die das Leben gerne auf der \u00dcberholspur genie\u00dfen. Nennen Sie uns Ihren Lieblingswagen und er wird vorgefahren, f\u00fcr eine unvergessliche Probefahrt durch Rom und Umgebung.<\/p>\n","protected":false},"author":3,"featured_media":5953,"parent":0,"menu_order":0,"comment_status":"closed","ping_status":"closed","template":"templates\/template-room-v2.php","meta":{"_acf_changed":false,"footnotes":""},"class_list":["post-2180","page","type-page","status-publish","has-post-thumbnail","hentry"],"acf":[],"_links":{"self":[{"href":"https:\/\/romecavalieri.com\/de\/wp-json\/wp\/v2\/pages\/2180","targetHints":{"allow":["GET"]}}],"collection":[{"href":"https:\/\/romecavalieri.com\/de\/wp-json\/wp\/v2\/pages"}],"about":[{"href":"https:\/\/romecavalieri.com\/de\/wp-json\/wp\/v2\/types\/page"}],"author":[{"embeddable":true,"href":"https:\/\/romecavalieri.com\/de\/wp-json\/wp\/v2\/users\/3"}],"replies":[{"embeddable":true,"href":"https:\/\/romecavalieri.com\/de\/wp-json\/wp\/v2\/comments?post=2180"}],"version-history":[{"count":9,"href":"https:\/\/romecavalieri.com\/de\/wp-json\/wp\/v2\/pages\/2180\/revisions"}],"predecessor-version":[{"id":7260,"href":"https:\/\/romecavalieri.com\/de\/wp-json\/wp\/v2\/pages\/2180\/revisions\/7260"}],"wp:featuredmedia":[{"embeddable":true,"href":"https:\/\/romecavalieri.com\/de\/wp-json\/wp\/v2\/media\/5953"}],"wp:attachment":[{"href":"https:\/\/romecavalieri.com\/de\/wp-json\/wp\/v2\/media?parent=2180"}],"curies":[{"name":"wp","href":"https:\/\/api.w.org\/{rel}","templated":true}]}}