{"id":2182,"date":"2016-03-24T09:57:14","date_gmt":"2016-03-24T09:57:14","guid":{"rendered":"http:\/\/rome.staging.folkmatic.com\/de\/limousine-service\/"},"modified":"2025-09-22T08:39:29","modified_gmt":"2025-09-22T08:39:29","slug":"limousinenservice","status":"publish","type":"page","link":"https:\/\/romecavalieri.com\/de\/limousinenservice\/","title":{"rendered":"Limousinenservice"},"content":{"rendered":"<p>In dem Moment, in dem Sie die Ankunftshalle des Flughafens betreten, sind Sie quasi schon im Rome Cavalieri angekommen. Ihr uniformierter Chauffeur hei\u00dft Sie willkommen und f\u00fchrt Sie z\u00fcgig zum k\u00fchlen Komfort Ihrer Limousine, eine Lounge auf R\u00e4dern, mit Magazinen und Erfrischungen. Transfers zum Flughafen Ihrer Wahl k\u00f6nnen auf Wunsch arrangiert werden.<\/p>\n","protected":false},"excerpt":{"rendered":"<p>In dem Moment, in dem Sie die Ankunftshalle des Flughafens betreten, sind Sie quasi schon im Rome Cavalieri angekommen. Ihr uniformierter Chauffeur hei\u00dft Sie willkommen und f\u00fchrt Sie z\u00fcgig zum k\u00fchlen Komfort Ihrer Limousine, eine Lounge auf R\u00e4dern, mit Magazinen und Erfrischungen. Transfers zum Flughafen Ihrer Wahl k\u00f6nnen auf Wunsch arrangiert werden.<\/p>\n","protected":false},"author":3,"featured_media":5255,"parent":0,"menu_order":0,"comment_status":"closed","ping_status":"closed","template":"templates\/template-listing.php","meta":{"_acf_changed":false,"footnotes":""},"class_list":["post-2182","page","type-page","status-publish","has-post-thumbnail","hentry"],"acf":[],"_links":{"self":[{"href":"https:\/\/romecavalieri.com\/de\/wp-json\/wp\/v2\/pages\/2182","targetHints":{"allow":["GET"]}}],"collection":[{"href":"https:\/\/romecavalieri.com\/de\/wp-json\/wp\/v2\/pages"}],"about":[{"href":"https:\/\/romecavalieri.com\/de\/wp-json\/wp\/v2\/types\/page"}],"author":[{"embeddable":true,"href":"https:\/\/romecavalieri.com\/de\/wp-json\/wp\/v2\/users\/3"}],"replies":[{"embeddable":true,"href":"https:\/\/romecavalieri.com\/de\/wp-json\/wp\/v2\/comments?post=2182"}],"version-history":[{"count":10,"href":"https:\/\/romecavalieri.com\/de\/wp-json\/wp\/v2\/pages\/2182\/revisions"}],"predecessor-version":[{"id":14980,"href":"https:\/\/romecavalieri.com\/de\/wp-json\/wp\/v2\/pages\/2182\/revisions\/14980"}],"wp:featuredmedia":[{"embeddable":true,"href":"https:\/\/romecavalieri.com\/de\/wp-json\/wp\/v2\/media\/5255"}],"wp:attachment":[{"href":"https:\/\/romecavalieri.com\/de\/wp-json\/wp\/v2\/media?parent=2182"}],"curies":[{"name":"wp","href":"https:\/\/api.w.org\/{rel}","templated":true}]}}