{"id":2188,"date":"2016-05-29T10:22:02","date_gmt":"2016-05-29T10:22:02","guid":{"rendered":"http:\/\/rome.staging.folkmatic.com\/de\/exclusive-city-tours\/"},"modified":"2016-07-29T09:09:33","modified_gmt":"2016-07-29T09:09:33","slug":"exklusive-stadtbesichtigungen","status":"publish","type":"page","link":"https:\/\/romecavalieri.com\/de\/exklusive-stadtbesichtigungen\/","title":{"rendered":"Exklusive Stadtbesichtigungen"},"content":{"rendered":"<h2>Die Schl\u00fcssel zur verborgenen Stadt<\/h2>\n<p>Das Rome Cavalieri \u00f6ffnet Ihnen die T\u00fcren zu den sch\u00f6nsten und bedeutenden Sch\u00e4tzen der Ewigen Stadt. Unser Historiker steht in guter Verbindung zu einigen der wichtigsten aristokratischen Familien Roms und kann Ihnen daher Reicht\u00fcmer zeigen, die den meisten Besuchern verborgen bleiben.<\/p>\n","protected":false},"excerpt":{"rendered":"<p>Die Schl\u00fcssel zur verborgenen Stadt Das Rome Cavalieri \u00f6ffnet Ihnen die T\u00fcren zu den sch\u00f6nsten und bedeutenden Sch\u00e4tzen der Ewigen Stadt. Unser Historiker steht in guter Verbindung zu einigen der wichtigsten aristokratischen Familien Roms und kann Ihnen daher Reicht\u00fcmer zeigen, die den meisten Besuchern verborgen bleiben.<\/p>\n","protected":false},"author":3,"featured_media":5124,"parent":0,"menu_order":0,"comment_status":"closed","ping_status":"closed","template":"templates\/template-room-v2.php","meta":{"_acf_changed":false,"footnotes":""},"class_list":["post-2188","page","type-page","status-publish","has-post-thumbnail","hentry"],"acf":[],"_links":{"self":[{"href":"https:\/\/romecavalieri.com\/de\/wp-json\/wp\/v2\/pages\/2188","targetHints":{"allow":["GET"]}}],"collection":[{"href":"https:\/\/romecavalieri.com\/de\/wp-json\/wp\/v2\/pages"}],"about":[{"href":"https:\/\/romecavalieri.com\/de\/wp-json\/wp\/v2\/types\/page"}],"author":[{"embeddable":true,"href":"https:\/\/romecavalieri.com\/de\/wp-json\/wp\/v2\/users\/3"}],"replies":[{"embeddable":true,"href":"https:\/\/romecavalieri.com\/de\/wp-json\/wp\/v2\/comments?post=2188"}],"version-history":[{"count":4,"href":"https:\/\/romecavalieri.com\/de\/wp-json\/wp\/v2\/pages\/2188\/revisions"}],"predecessor-version":[{"id":5374,"href":"https:\/\/romecavalieri.com\/de\/wp-json\/wp\/v2\/pages\/2188\/revisions\/5374"}],"wp:featuredmedia":[{"embeddable":true,"href":"https:\/\/romecavalieri.com\/de\/wp-json\/wp\/v2\/media\/5124"}],"wp:attachment":[{"href":"https:\/\/romecavalieri.com\/de\/wp-json\/wp\/v2\/media?parent=2188"}],"curies":[{"name":"wp","href":"https:\/\/api.w.org\/{rel}","templated":true}]}}