{"id":2191,"date":"2016-05-29T10:34:55","date_gmt":"2016-05-29T10:34:55","guid":{"rendered":"http:\/\/rome.staging.folkmatic.com\/de\/vatican-museums-sistine-chapel-vatican-gardens\/"},"modified":"2024-11-27T07:57:26","modified_gmt":"2024-11-27T07:57:26","slug":"vatikan","status":"publish","type":"page","link":"https:\/\/romecavalieri.com\/de\/vatikan\/","title":{"rendered":"Vatikanische Museen, Sixtinische Kapelle &#038; Vatikanische G\u00e4rten"},"content":{"rendered":"<p>Das Rome Cavalieri organisiert Ihren privilegierten Zugang zu den heiligsten und verehrtesten Sehensw\u00fcrdigkeiten Roms. Treten Sie durch einen versteckten Zugang in den Petersdom, vorbei an den Grabst\u00e4tten des Heiligen Peter und mehreren P\u00e4psten, erblicken Sie Michelangelos Piet\u00e1 und den Baldachin von Bernini.<\/p>\n","protected":false},"excerpt":{"rendered":"<p>Das Rome Cavalieri organisiert Ihren privilegierten Zugang zu den heiligsten und verehrtesten Sehensw\u00fcrdigkeiten Roms. Treten Sie durch einen versteckten Zugang in den Petersdom, vorbei an den Grabst\u00e4tten des Heiligen Peter und mehreren P\u00e4psten, erblicken Sie Michelangelos Piet\u00e1 und den Baldachin von Bernini.<\/p>\n","protected":false},"author":3,"featured_media":3833,"parent":0,"menu_order":0,"comment_status":"closed","ping_status":"closed","template":"templates\/template-room-v2.php","meta":{"_acf_changed":false,"footnotes":""},"class_list":["post-2191","page","type-page","status-publish","has-post-thumbnail","hentry"],"acf":[],"_links":{"self":[{"href":"https:\/\/romecavalieri.com\/de\/wp-json\/wp\/v2\/pages\/2191","targetHints":{"allow":["GET"]}}],"collection":[{"href":"https:\/\/romecavalieri.com\/de\/wp-json\/wp\/v2\/pages"}],"about":[{"href":"https:\/\/romecavalieri.com\/de\/wp-json\/wp\/v2\/types\/page"}],"author":[{"embeddable":true,"href":"https:\/\/romecavalieri.com\/de\/wp-json\/wp\/v2\/users\/3"}],"replies":[{"embeddable":true,"href":"https:\/\/romecavalieri.com\/de\/wp-json\/wp\/v2\/comments?post=2191"}],"version-history":[{"count":4,"href":"https:\/\/romecavalieri.com\/de\/wp-json\/wp\/v2\/pages\/2191\/revisions"}],"predecessor-version":[{"id":14767,"href":"https:\/\/romecavalieri.com\/de\/wp-json\/wp\/v2\/pages\/2191\/revisions\/14767"}],"wp:featuredmedia":[{"embeddable":true,"href":"https:\/\/romecavalieri.com\/de\/wp-json\/wp\/v2\/media\/3833"}],"wp:attachment":[{"href":"https:\/\/romecavalieri.com\/de\/wp-json\/wp\/v2\/media?parent=2191"}],"curies":[{"name":"wp","href":"https:\/\/api.w.org\/{rel}","templated":true}]}}