{"id":2194,"date":"2016-05-29T10:42:19","date_gmt":"2016-05-29T10:42:19","guid":{"rendered":"http:\/\/rome.staging.folkmatic.com\/de\/private-palaces\/"},"modified":"2016-08-05T07:13:20","modified_gmt":"2016-08-05T07:13:20","slug":"private-palaste","status":"publish","type":"page","link":"https:\/\/romecavalieri.com\/de\/private-palaste\/","title":{"rendered":"Private Pal\u00e4ste"},"content":{"rendered":"<p>Das Rome Cavalieri wird Ihnen T\u00fcren \u00f6ffnen und Einlass in die sch\u00f6nsten Pal\u00e4ste der Stadt verschaffen, in denen sich unglaubliche Kunstsch\u00e4tze befinden. Unser Historiker wird daf\u00fcr sorgen, dass Ihnen der Zugang zu den bekannten Fresken von Guido Reni im Casino dell\u2019Aurora, der Gartenvilla des sich im Besitz der Borgheses befindlichen Palazzo Pallavicini, gew\u00e4hrt wird.<\/p>\n","protected":false},"excerpt":{"rendered":"<p>Das Rome Cavalieri wird Ihnen T\u00fcren \u00f6ffnen und Einlass in die sch\u00f6nsten Pal\u00e4ste der Stadt verschaffen, in denen sich unglaubliche Kunstsch\u00e4tze befinden. Unser Historiker wird daf\u00fcr sorgen, dass Ihnen der Zugang zu den bekannten Fresken von Guido Reni im Casino dell\u2019Aurora, der Gartenvilla des sich im Besitz der Borgheses befindlichen Palazzo Pallavicini, gew\u00e4hrt wird.<\/p>\n","protected":false},"author":3,"featured_media":3873,"parent":0,"menu_order":0,"comment_status":"closed","ping_status":"closed","template":"templates\/template-room-v2.php","meta":{"_acf_changed":false,"footnotes":""},"class_list":["post-2194","page","type-page","status-publish","has-post-thumbnail","hentry"],"acf":[],"_links":{"self":[{"href":"https:\/\/romecavalieri.com\/de\/wp-json\/wp\/v2\/pages\/2194","targetHints":{"allow":["GET"]}}],"collection":[{"href":"https:\/\/romecavalieri.com\/de\/wp-json\/wp\/v2\/pages"}],"about":[{"href":"https:\/\/romecavalieri.com\/de\/wp-json\/wp\/v2\/types\/page"}],"author":[{"embeddable":true,"href":"https:\/\/romecavalieri.com\/de\/wp-json\/wp\/v2\/users\/3"}],"replies":[{"embeddable":true,"href":"https:\/\/romecavalieri.com\/de\/wp-json\/wp\/v2\/comments?post=2194"}],"version-history":[{"count":10,"href":"https:\/\/romecavalieri.com\/de\/wp-json\/wp\/v2\/pages\/2194\/revisions"}],"predecessor-version":[{"id":5675,"href":"https:\/\/romecavalieri.com\/de\/wp-json\/wp\/v2\/pages\/2194\/revisions\/5675"}],"wp:featuredmedia":[{"embeddable":true,"href":"https:\/\/romecavalieri.com\/de\/wp-json\/wp\/v2\/media\/3873"}],"wp:attachment":[{"href":"https:\/\/romecavalieri.com\/de\/wp-json\/wp\/v2\/media?parent=2194"}],"curies":[{"name":"wp","href":"https:\/\/api.w.org\/{rel}","templated":true}]}}