{"id":2214,"date":"2016-05-29T11:03:14","date_gmt":"2016-05-29T11:03:14","guid":{"rendered":"http:\/\/rome.staging.folkmatic.com\/de\/waldorf-wedding\/"},"modified":"2016-08-04T15:22:43","modified_gmt":"2016-08-04T15:22:43","slug":"waldorf-hochzeiten","status":"publish","type":"page","link":"https:\/\/romecavalieri.com\/de\/waldorf-hochzeiten\/","title":{"rendered":"A Waldorf Wedding"},"content":{"rendered":"<p>Seit 1893, dem Jahr, in dem William Waldorf Astor seine Millionen in ein Hotel an der Fifth Avenue in New York investierte, steht sein Name f\u00fcr Stil und Eleganz. Selbstverst\u00e4ndlich k\u00f6nnen Sie dasselbe auch im Rome Cavalieri erwarten, wenn Sie Ihre Hochzeit in Rom ausrichten.<\/p>\n","protected":false},"excerpt":{"rendered":"<p>Seit 1893, dem Jahr, in dem William Waldorf Astor seine Millionen in ein Hotel an der Fifth Avenue in New York investierte, steht sein Name f\u00fcr Stil und Eleganz. Selbstverst\u00e4ndlich k\u00f6nnen Sie dasselbe auch im Rome Cavalieri erwarten, wenn Sie Ihre Hochzeit in Rom ausrichten.<\/p>\n","protected":false},"author":3,"featured_media":5914,"parent":0,"menu_order":0,"comment_status":"closed","ping_status":"closed","template":"templates\/template-room-v2.php","meta":{"_acf_changed":false,"footnotes":""},"class_list":["post-2214","page","type-page","status-publish","has-post-thumbnail","hentry"],"acf":[],"_links":{"self":[{"href":"https:\/\/romecavalieri.com\/de\/wp-json\/wp\/v2\/pages\/2214","targetHints":{"allow":["GET"]}}],"collection":[{"href":"https:\/\/romecavalieri.com\/de\/wp-json\/wp\/v2\/pages"}],"about":[{"href":"https:\/\/romecavalieri.com\/de\/wp-json\/wp\/v2\/types\/page"}],"author":[{"embeddable":true,"href":"https:\/\/romecavalieri.com\/de\/wp-json\/wp\/v2\/users\/3"}],"replies":[{"embeddable":true,"href":"https:\/\/romecavalieri.com\/de\/wp-json\/wp\/v2\/comments?post=2214"}],"version-history":[{"count":8,"href":"https:\/\/romecavalieri.com\/de\/wp-json\/wp\/v2\/pages\/2214\/revisions"}],"predecessor-version":[{"id":5666,"href":"https:\/\/romecavalieri.com\/de\/wp-json\/wp\/v2\/pages\/2214\/revisions\/5666"}],"wp:featuredmedia":[{"embeddable":true,"href":"https:\/\/romecavalieri.com\/de\/wp-json\/wp\/v2\/media\/5914"}],"wp:attachment":[{"href":"https:\/\/romecavalieri.com\/de\/wp-json\/wp\/v2\/media?parent=2214"}],"curies":[{"name":"wp","href":"https:\/\/api.w.org\/{rel}","templated":true}]}}