{"id":4017,"date":"2016-05-29T10:43:53","date_gmt":"2016-05-29T10:43:53","guid":{"rendered":"http:\/\/rome.staging.folkmatic.com\/de\/rome-cavalieri-art-collection\/"},"modified":"2016-08-10T16:12:31","modified_gmt":"2016-08-10T16:12:31","slug":"kunstsammlung","status":"publish","type":"page","link":"https:\/\/romecavalieri.com\/de\/kunstsammlung\/","title":{"rendered":"Rome Cavalieri Kunstsammlung"},"content":{"rendered":"<p>Das Rome Cavalieri beherbergt eine der gro\u00dfartigsten privaten Kunstsammlungen der Welt mit \u00fcber eintausend Meisterwerken von K\u00fcnstlern aus dem 16. Jahrhundert bis hin zu zeitgen\u00f6ssischer Kunst, von Nureyevs Ballettkost\u00fcmen bis hin zu Gall\u00e9 Gl\u00e4sern.<\/p>\n","protected":false},"excerpt":{"rendered":"<p>Das Rome Cavalieri beherbergt eine der gro\u00dfartigsten privaten Kunstsammlungen der Welt mit \u00fcber eintausend Meisterwerken von K\u00fcnstlern aus dem 16. Jahrhundert bis hin zu zeitgen\u00f6ssischer Kunst, von Nureyevs Ballettkost\u00fcmen bis hin zu Gall\u00e9 Gl\u00e4sern.<\/p>\n","protected":false},"author":3,"featured_media":7836,"parent":0,"menu_order":0,"comment_status":"closed","ping_status":"closed","template":"templates\/template-room-v2.php","meta":{"_acf_changed":false,"footnotes":""},"class_list":["post-4017","page","type-page","status-publish","has-post-thumbnail","hentry"],"acf":[],"_links":{"self":[{"href":"https:\/\/romecavalieri.com\/de\/wp-json\/wp\/v2\/pages\/4017","targetHints":{"allow":["GET"]}}],"collection":[{"href":"https:\/\/romecavalieri.com\/de\/wp-json\/wp\/v2\/pages"}],"about":[{"href":"https:\/\/romecavalieri.com\/de\/wp-json\/wp\/v2\/types\/page"}],"author":[{"embeddable":true,"href":"https:\/\/romecavalieri.com\/de\/wp-json\/wp\/v2\/users\/3"}],"replies":[{"embeddable":true,"href":"https:\/\/romecavalieri.com\/de\/wp-json\/wp\/v2\/comments?post=4017"}],"version-history":[{"count":8,"href":"https:\/\/romecavalieri.com\/de\/wp-json\/wp\/v2\/pages\/4017\/revisions"}],"predecessor-version":[{"id":5797,"href":"https:\/\/romecavalieri.com\/de\/wp-json\/wp\/v2\/pages\/4017\/revisions\/5797"}],"wp:featuredmedia":[{"embeddable":true,"href":"https:\/\/romecavalieri.com\/de\/wp-json\/wp\/v2\/media\/7836"}],"wp:attachment":[{"href":"https:\/\/romecavalieri.com\/de\/wp-json\/wp\/v2\/media?parent=4017"}],"curies":[{"name":"wp","href":"https:\/\/api.w.org\/{rel}","templated":true}]}}