{"id":617,"date":"2016-04-26T08:22:48","date_gmt":"2016-04-26T08:22:48","guid":{"rendered":"http:\/\/rome.staging.folkmatic.com\/de\/suites\/"},"modified":"2025-01-07T08:30:05","modified_gmt":"2025-01-07T08:30:05","slug":"suiten","status":"publish","type":"page","link":"https:\/\/romecavalieri.com\/de\/suiten\/","title":{"rendered":"Suiten"},"content":{"rendered":"<p>Feste \u00fcber den D\u00e4chern von Rom, exzellente Dinnerpartys, ein B\u00fcro, das auch Staatsm\u00e4nner beeindruckt; jede unserer Suiten bietet extravagant viel Raum und ist mit unsch\u00e4tzbaren Kunstwerken aus den letzten drei Jahrhunderten geschm\u00fcckt.<\/p>\n","protected":false},"excerpt":{"rendered":"<p>Feste \u00fcber den D\u00e4chern von Rom, exzellente Dinnerpartys, ein B\u00fcro, das auch Staatsm\u00e4nner beeindruckt; jede unserer Suiten bietet extravagant viel Raum und ist mit unsch\u00e4tzbaren Kunstwerken aus den letzten drei Jahrhunderten geschm\u00fcckt.<\/p>\n","protected":false},"author":3,"featured_media":5938,"parent":0,"menu_order":0,"comment_status":"closed","ping_status":"closed","template":"templates\/template-suites.php","meta":{"_acf_changed":false,"footnotes":""},"class_list":["post-617","page","type-page","status-publish","has-post-thumbnail","hentry"],"acf":[],"_links":{"self":[{"href":"https:\/\/romecavalieri.com\/de\/wp-json\/wp\/v2\/pages\/617","targetHints":{"allow":["GET"]}}],"collection":[{"href":"https:\/\/romecavalieri.com\/de\/wp-json\/wp\/v2\/pages"}],"about":[{"href":"https:\/\/romecavalieri.com\/de\/wp-json\/wp\/v2\/types\/page"}],"author":[{"embeddable":true,"href":"https:\/\/romecavalieri.com\/de\/wp-json\/wp\/v2\/users\/3"}],"replies":[{"embeddable":true,"href":"https:\/\/romecavalieri.com\/de\/wp-json\/wp\/v2\/comments?post=617"}],"version-history":[{"count":8,"href":"https:\/\/romecavalieri.com\/de\/wp-json\/wp\/v2\/pages\/617\/revisions"}],"predecessor-version":[{"id":14813,"href":"https:\/\/romecavalieri.com\/de\/wp-json\/wp\/v2\/pages\/617\/revisions\/14813"}],"wp:featuredmedia":[{"embeddable":true,"href":"https:\/\/romecavalieri.com\/de\/wp-json\/wp\/v2\/media\/5938"}],"wp:attachment":[{"href":"https:\/\/romecavalieri.com\/de\/wp-json\/wp\/v2\/media?parent=617"}],"curies":[{"name":"wp","href":"https:\/\/api.w.org\/{rel}","templated":true}]}}