{"id":7098,"date":"2017-02-09T15:33:38","date_gmt":"2017-02-09T15:33:38","guid":{"rendered":"http:\/\/romecavalieri.com\/de\/when-in-rome\/"},"modified":"2017-05-26T12:09:11","modified_gmt":"2017-05-26T12:09:11","slug":"when-in-rome","status":"publish","type":"page","link":"https:\/\/romecavalieri.com\/de\/when-in-rome\/","title":{"rendered":"When In Rome"},"content":{"rendered":"<p>Exklusive Besichtigungen privater r\u00f6mischer Pal\u00e4ste, Vespa-Touren durch die malerischen Stra\u00dfen von Trastevere und Feinschmecker Restaurant Touren abseits der bekannten Touristenpfade&#8230;<\/p>\n","protected":false},"excerpt":{"rendered":"<p>Exklusive Besichtigungen privater r\u00f6mischer Pal\u00e4ste, Vespa-Touren durch die malerischen Stra\u00dfen von Trastevere und Feinschmecker Restaurant Touren abseits der bekannten Touristenpfade&#8230;<\/p>\n","protected":false},"author":3,"featured_media":3823,"parent":0,"menu_order":0,"comment_status":"closed","ping_status":"closed","template":"templates\/template-mosaic.php","meta":{"_acf_changed":false,"footnotes":""},"class_list":["post-7098","page","type-page","status-publish","has-post-thumbnail","hentry"],"acf":[],"_links":{"self":[{"href":"https:\/\/romecavalieri.com\/de\/wp-json\/wp\/v2\/pages\/7098","targetHints":{"allow":["GET"]}}],"collection":[{"href":"https:\/\/romecavalieri.com\/de\/wp-json\/wp\/v2\/pages"}],"about":[{"href":"https:\/\/romecavalieri.com\/de\/wp-json\/wp\/v2\/types\/page"}],"author":[{"embeddable":true,"href":"https:\/\/romecavalieri.com\/de\/wp-json\/wp\/v2\/users\/3"}],"replies":[{"embeddable":true,"href":"https:\/\/romecavalieri.com\/de\/wp-json\/wp\/v2\/comments?post=7098"}],"version-history":[{"count":2,"href":"https:\/\/romecavalieri.com\/de\/wp-json\/wp\/v2\/pages\/7098\/revisions"}],"predecessor-version":[{"id":7892,"href":"https:\/\/romecavalieri.com\/de\/wp-json\/wp\/v2\/pages\/7098\/revisions\/7892"}],"wp:featuredmedia":[{"embeddable":true,"href":"https:\/\/romecavalieri.com\/de\/wp-json\/wp\/v2\/media\/3823"}],"wp:attachment":[{"href":"https:\/\/romecavalieri.com\/de\/wp-json\/wp\/v2\/media?parent=7098"}],"curies":[{"name":"wp","href":"https:\/\/api.w.org\/{rel}","templated":true}]}}