{"id":7214,"date":"2017-02-13T15:00:06","date_gmt":"2017-02-13T15:00:06","guid":{"rendered":"http:\/\/romecavalieri.com\/de\/family-pet-friendly\/"},"modified":"2017-05-26T12:45:55","modified_gmt":"2017-05-26T12:45:55","slug":"familienfreundlich-tierfreundlich","status":"publish","type":"page","link":"https:\/\/romecavalieri.com\/de\/familienfreundlich-tierfreundlich\/","title":{"rendered":"Familien- und Tierfreundlich"},"content":{"rendered":"<p>Ein luxuri\u00f6ser R\u00fcckzugsort f\u00fcr die ganze Familie. Entdecken Sie, wie Sie Ihre Kinder unterhalten oder Ihren vierbeinigen Freund verw\u00f6hnen lassen koennen, w\u00e4hrend Sie sich eine Auszeit im Spa oder einen Shopping Ausflug in der Innenstadt in Via Condotti g\u00f6nnen.<\/p>\n","protected":false},"excerpt":{"rendered":"<p>Ein luxuri\u00f6ser R\u00fcckzugsort f\u00fcr die ganze Familie. Entdecken Sie, wie Sie Ihre Kinder unterhalten oder Ihren vierbeinigen Freund verw\u00f6hnen lassen koennen, w\u00e4hrend Sie sich eine Auszeit im Spa oder einen Shopping Ausflug in der Innenstadt in Via Condotti g\u00f6nnen.<\/p>\n","protected":false},"author":3,"featured_media":7040,"parent":0,"menu_order":0,"comment_status":"closed","ping_status":"closed","template":"templates\/template-mosaic.php","meta":{"_acf_changed":false,"footnotes":""},"class_list":["post-7214","page","type-page","status-publish","has-post-thumbnail","hentry"],"acf":[],"_links":{"self":[{"href":"https:\/\/romecavalieri.com\/de\/wp-json\/wp\/v2\/pages\/7214","targetHints":{"allow":["GET"]}}],"collection":[{"href":"https:\/\/romecavalieri.com\/de\/wp-json\/wp\/v2\/pages"}],"about":[{"href":"https:\/\/romecavalieri.com\/de\/wp-json\/wp\/v2\/types\/page"}],"author":[{"embeddable":true,"href":"https:\/\/romecavalieri.com\/de\/wp-json\/wp\/v2\/users\/3"}],"replies":[{"embeddable":true,"href":"https:\/\/romecavalieri.com\/de\/wp-json\/wp\/v2\/comments?post=7214"}],"version-history":[{"count":2,"href":"https:\/\/romecavalieri.com\/de\/wp-json\/wp\/v2\/pages\/7214\/revisions"}],"predecessor-version":[{"id":7894,"href":"https:\/\/romecavalieri.com\/de\/wp-json\/wp\/v2\/pages\/7214\/revisions\/7894"}],"wp:featuredmedia":[{"embeddable":true,"href":"https:\/\/romecavalieri.com\/de\/wp-json\/wp\/v2\/media\/7040"}],"wp:attachment":[{"href":"https:\/\/romecavalieri.com\/de\/wp-json\/wp\/v2\/media?parent=7214"}],"curies":[{"name":"wp","href":"https:\/\/api.w.org\/{rel}","templated":true}]}}