{"id":740,"date":"2016-03-23T09:28:01","date_gmt":"2016-03-23T09:28:01","guid":{"rendered":"http:\/\/rome.staging.folkmatic.com\/de\/la-pergola\/"},"modified":"2026-03-04T15:21:51","modified_gmt":"2026-03-04T15:21:51","slug":"la-pergola-de","status":"publish","type":"page","link":"https:\/\/romecavalieri.com\/de\/la-pergola-de\/","title":{"rendered":"La Pergola"},"content":{"rendered":"<p>In einem der sch\u00f6nsten Restaurants in der Welt er\u00f6ffnet sich den G\u00e4sten ein atemberaubender Blick \u00fcber die Ewige Stadt. Unter der Leitung von Heinz Beck hat sich La Pergola zu einem Tempel internationaler Gastronomie entwickelt und ist das erste und bisher einzige 3-Sterne-Restaurant in Rom.<\/p>\n<p><a href=\"https:\/\/qrco.de\/bgYzI2\">wir warten auf Ostern&#8230;<\/a><\/p>\n<p><a href=\"https:\/\/qrco.de\/bcWLes\">Frequently Asked Questions<\/a><\/p>\n<p><span style=\"color: #115e11;\"><a style=\"color: #115e11;\" href=\"https:\/\/qrco.de\/bcWLW5\" target=\"_blank\" rel=\"noopener\">Gift Certificates<\/a><\/span><\/p>\n","protected":false},"excerpt":{"rendered":"<p>In einem der sch\u00f6nsten Restaurants in der Welt er\u00f6ffnet sich den G\u00e4sten ein atemberaubender Blick \u00fcber die Ewige Stadt. Unter der Leitung von Heinz Beck hat sich La Pergola zu einem Tempel internationaler Gastronomie entwickelt und ist das erste und bisher einzige 3-Sterne-Restaurant in Rom. wir warten auf Ostern&#8230; Frequently Asked Questions Gift Certificates<\/p>\n","protected":false},"author":3,"featured_media":14555,"parent":0,"menu_order":0,"comment_status":"closed","ping_status":"closed","template":"templates\/template-feature.php","meta":{"_acf_changed":false,"footnotes":""},"class_list":["post-740","page","type-page","status-publish","has-post-thumbnail","hentry"],"acf":[],"_links":{"self":[{"href":"https:\/\/romecavalieri.com\/de\/wp-json\/wp\/v2\/pages\/740","targetHints":{"allow":["GET"]}}],"collection":[{"href":"https:\/\/romecavalieri.com\/de\/wp-json\/wp\/v2\/pages"}],"about":[{"href":"https:\/\/romecavalieri.com\/de\/wp-json\/wp\/v2\/types\/page"}],"author":[{"embeddable":true,"href":"https:\/\/romecavalieri.com\/de\/wp-json\/wp\/v2\/users\/3"}],"replies":[{"embeddable":true,"href":"https:\/\/romecavalieri.com\/de\/wp-json\/wp\/v2\/comments?post=740"}],"version-history":[{"count":216,"href":"https:\/\/romecavalieri.com\/de\/wp-json\/wp\/v2\/pages\/740\/revisions"}],"predecessor-version":[{"id":16608,"href":"https:\/\/romecavalieri.com\/de\/wp-json\/wp\/v2\/pages\/740\/revisions\/16608"}],"wp:featuredmedia":[{"embeddable":true,"href":"https:\/\/romecavalieri.com\/de\/wp-json\/wp\/v2\/media\/14555"}],"wp:attachment":[{"href":"https:\/\/romecavalieri.com\/de\/wp-json\/wp\/v2\/media?parent=740"}],"curies":[{"name":"wp","href":"https:\/\/api.w.org\/{rel}","templated":true}]}}