{"id":2143,"date":"2016-03-23T09:59:31","date_gmt":"2016-03-23T09:59:31","guid":{"rendered":"http:\/\/rome.staging.folkmatic.com\/fr\/heinz-beck\/"},"modified":"2024-06-10T13:31:54","modified_gmt":"2024-06-10T13:31:54","slug":"chef-executif-heinz-beck","status":"publish","type":"page","link":"https:\/\/romecavalieri.com\/fr\/chef-executif-heinz-beck\/","title":{"rendered":"Heinz Beck"},"content":{"rendered":"<p>Heinz Beck se r\u00e9invente en permanence afin de cr\u00e9er une cuisine moderne et toujours plus l\u00e9g\u00e8re, en avouant: \u201cil est plus difficile de retirer un ingr\u00e9dient que d\u2019en ajouter un tout en r\u00e9ussissant \u00e0 faire un plat qui soit sensuellement \u00e9quilibr\u00e9 et qui inspire des \u00e9motions profondes.\u201d L\u2019Italie a laiss\u00e9 une marque ind\u00e9l\u00e9bile dans la cuisine de Heinz Beck. Son approche culinaire est reconnue pour sa subtilit\u00e9, son art du secret, mais le r\u00e9sultat tient v\u00e9ritablement du g\u00e9nie et vous arrive droit au c\u0153ur.<\/p>\n","protected":false},"excerpt":{"rendered":"<p>Heinz Beck se r\u00e9invente en permanence afin de cr\u00e9er une cuisine moderne et toujours plus l\u00e9g\u00e8re, en avouant: \u201cil est plus difficile de retirer un ingr\u00e9dient que d\u2019en ajouter un tout en r\u00e9ussissant \u00e0 faire un plat qui soit sensuellement \u00e9quilibr\u00e9 et qui inspire des \u00e9motions profondes.\u201d L\u2019Italie a laiss\u00e9 une marque ind\u00e9l\u00e9bile dans la [&hellip;]<\/p>\n","protected":false},"author":3,"featured_media":14560,"parent":0,"menu_order":0,"comment_status":"closed","ping_status":"closed","template":"templates\/template-room-v2.php","meta":{"_acf_changed":false,"footnotes":""},"class_list":["post-2143","page","type-page","status-publish","has-post-thumbnail","hentry"],"acf":[],"_links":{"self":[{"href":"https:\/\/romecavalieri.com\/fr\/wp-json\/wp\/v2\/pages\/2143","targetHints":{"allow":["GET"]}}],"collection":[{"href":"https:\/\/romecavalieri.com\/fr\/wp-json\/wp\/v2\/pages"}],"about":[{"href":"https:\/\/romecavalieri.com\/fr\/wp-json\/wp\/v2\/types\/page"}],"author":[{"embeddable":true,"href":"https:\/\/romecavalieri.com\/fr\/wp-json\/wp\/v2\/users\/3"}],"replies":[{"embeddable":true,"href":"https:\/\/romecavalieri.com\/fr\/wp-json\/wp\/v2\/comments?post=2143"}],"version-history":[{"count":5,"href":"https:\/\/romecavalieri.com\/fr\/wp-json\/wp\/v2\/pages\/2143\/revisions"}],"predecessor-version":[{"id":14600,"href":"https:\/\/romecavalieri.com\/fr\/wp-json\/wp\/v2\/pages\/2143\/revisions\/14600"}],"wp:featuredmedia":[{"embeddable":true,"href":"https:\/\/romecavalieri.com\/fr\/wp-json\/wp\/v2\/media\/14560"}],"wp:attachment":[{"href":"https:\/\/romecavalieri.com\/fr\/wp-json\/wp\/v2\/media?parent=2143"}],"curies":[{"name":"wp","href":"https:\/\/api.w.org\/{rel}","templated":true}]}}