{"id":2147,"date":"2016-05-29T09:00:13","date_gmt":"2016-05-29T09:00:13","guid":{"rendered":"http:\/\/rome.staging.folkmatic.com\/fr\/wine-cellar\/"},"modified":"2017-09-01T14:26:16","modified_gmt":"2017-09-01T14:26:16","slug":"la-cave-a-vin","status":"publish","type":"page","link":"https:\/\/romecavalieri.com\/fr\/la-cave-a-vin\/","title":{"rendered":"La Cave \u00e0 Vin"},"content":{"rendered":"<p>Les \u0153nophiles se congratulent en d\u00e9couvrant l\u2019\u0153uvre du grand chef sommelier du restaurant La Pergola, Marc Reitano, qui a cr\u00e9\u00e9 deux cartes des vins hors du commun, l\u2019une englobant les plus grands terroirs du monde, et l\u2019autre les meilleurs vins d\u2019Italie. Vous pouvez compter sur lui pour trouver le vin id\u00e9al qui compl\u00e8tera une exp\u00e9rience culinaire grandiose.<\/p>\n","protected":false},"excerpt":{"rendered":"<p>Les \u0153nophiles se congratulent en d\u00e9couvrant l\u2019\u0153uvre du grand chef sommelier du restaurant La Pergola, Marc Reitano, qui a cr\u00e9\u00e9 deux cartes des vins hors du commun, l\u2019une englobant les plus grands terroirs du monde, et l\u2019autre les meilleurs vins d\u2019Italie. Vous pouvez compter sur lui pour trouver le vin id\u00e9al qui compl\u00e8tera une exp\u00e9rience [&hellip;]<\/p>\n","protected":false},"author":3,"featured_media":5958,"parent":0,"menu_order":0,"comment_status":"closed","ping_status":"closed","template":"templates\/template-room-v2.php","meta":{"_acf_changed":false,"footnotes":""},"class_list":["post-2147","page","type-page","status-publish","has-post-thumbnail","hentry"],"acf":[],"_links":{"self":[{"href":"https:\/\/romecavalieri.com\/fr\/wp-json\/wp\/v2\/pages\/2147","targetHints":{"allow":["GET"]}}],"collection":[{"href":"https:\/\/romecavalieri.com\/fr\/wp-json\/wp\/v2\/pages"}],"about":[{"href":"https:\/\/romecavalieri.com\/fr\/wp-json\/wp\/v2\/types\/page"}],"author":[{"embeddable":true,"href":"https:\/\/romecavalieri.com\/fr\/wp-json\/wp\/v2\/users\/3"}],"replies":[{"embeddable":true,"href":"https:\/\/romecavalieri.com\/fr\/wp-json\/wp\/v2\/comments?post=2147"}],"version-history":[{"count":7,"href":"https:\/\/romecavalieri.com\/fr\/wp-json\/wp\/v2\/pages\/2147\/revisions"}],"predecessor-version":[{"id":8227,"href":"https:\/\/romecavalieri.com\/fr\/wp-json\/wp\/v2\/pages\/2147\/revisions\/8227"}],"wp:featuredmedia":[{"embeddable":true,"href":"https:\/\/romecavalieri.com\/fr\/wp-json\/wp\/v2\/media\/5958"}],"wp:attachment":[{"href":"https:\/\/romecavalieri.com\/fr\/wp-json\/wp\/v2\/media?parent=2147"}],"curies":[{"name":"wp","href":"https:\/\/api.w.org\/{rel}","templated":true}]}}