{"id":2151,"date":"2016-04-28T12:19:10","date_gmt":"2016-04-28T12:19:10","guid":{"rendered":"http:\/\/rome.staging.folkmatic.com\/fr\/luliveto\/"},"modified":"2021-03-12T12:01:57","modified_gmt":"2021-03-12T12:01:57","slug":"l-uliveto-fr","status":"publish","type":"page","link":"https:\/\/romecavalieri.com\/fr\/l-uliveto-fr\/","title":{"rendered":"L\u2019Uliveto"},"content":{"rendered":"<p>Aux premiers rayons du soleil L\u2019Uliveto ouvre ses portes, rel\u00e2chant ainsi sur la terrasse les ombres de ses h\u00f4tes conquis par l\u2019abondance des r\u00e9coltes romaines et les sp\u00e9cialit\u00e9s de glaces italiennes. Cach\u00e9s derri\u00e8re des lunettes noires, le sourire aux l\u00e8vres, les h\u00f4tes d\u00e9gustent des vins frais s\u00e9lectionn\u00e9s au fil du temps par Le Strade dei Vini.<\/p>\n","protected":false},"excerpt":{"rendered":"<p>Aux premiers rayons du soleil L\u2019Uliveto ouvre ses portes, rel\u00e2chant ainsi sur la terrasse les ombres de ses h\u00f4tes conquis par l\u2019abondance des r\u00e9coltes romaines et les sp\u00e9cialit\u00e9s de glaces italiennes. Cach\u00e9s derri\u00e8re des lunettes noires, le sourire aux l\u00e8vres, les h\u00f4tes d\u00e9gustent des vins frais s\u00e9lectionn\u00e9s au fil du temps par Le Strade dei [&hellip;]<\/p>\n","protected":false},"author":3,"featured_media":8111,"parent":0,"menu_order":0,"comment_status":"closed","ping_status":"closed","template":"templates\/template-feature.php","meta":{"_acf_changed":false,"footnotes":""},"class_list":["post-2151","page","type-page","status-publish","has-post-thumbnail","hentry"],"acf":[],"_links":{"self":[{"href":"https:\/\/romecavalieri.com\/fr\/wp-json\/wp\/v2\/pages\/2151","targetHints":{"allow":["GET"]}}],"collection":[{"href":"https:\/\/romecavalieri.com\/fr\/wp-json\/wp\/v2\/pages"}],"about":[{"href":"https:\/\/romecavalieri.com\/fr\/wp-json\/wp\/v2\/types\/page"}],"author":[{"embeddable":true,"href":"https:\/\/romecavalieri.com\/fr\/wp-json\/wp\/v2\/users\/3"}],"replies":[{"embeddable":true,"href":"https:\/\/romecavalieri.com\/fr\/wp-json\/wp\/v2\/comments?post=2151"}],"version-history":[{"count":36,"href":"https:\/\/romecavalieri.com\/fr\/wp-json\/wp\/v2\/pages\/2151\/revisions"}],"predecessor-version":[{"id":12745,"href":"https:\/\/romecavalieri.com\/fr\/wp-json\/wp\/v2\/pages\/2151\/revisions\/12745"}],"wp:featuredmedia":[{"embeddable":true,"href":"https:\/\/romecavalieri.com\/fr\/wp-json\/wp\/v2\/media\/8111"}],"wp:attachment":[{"href":"https:\/\/romecavalieri.com\/fr\/wp-json\/wp\/v2\/media?parent=2151"}],"curies":[{"name":"wp","href":"https:\/\/api.w.org\/{rel}","templated":true}]}}