{"id":2169,"date":"2016-04-28T12:19:17","date_gmt":"2016-04-28T12:19:17","guid":{"rendered":"http:\/\/rome.staging.folkmatic.com\/fr\/sunday-brunch\/"},"modified":"2020-10-05T17:43:10","modified_gmt":"2020-10-05T17:43:10","slug":"brunch-du-dimanche","status":"publish","type":"page","link":"https:\/\/romecavalieri.com\/fr\/brunch-du-dimanche\/","title":{"rendered":"Le Brunch du Dimanche"},"content":{"rendered":"<p>Notre fabuleux brunch du dimanche est de retour avec un tout nouveau formiate envelopp\u00e9 dans un environnement \u00e9l\u00e9gant et s\u00fbr avec tous vos ingr\u00e9dients locaux pr\u00e9f\u00e9r\u00e9s et saveurs m\u00e9diterran\u00e9ennes. Pour plus d&rsquo;informations et pour r\u00e9server votre table, \u00e9crivez \u00e0<\/p>\n<p><a href=\"mailto:ROMHI.FB@waldorfastoria.com\">ROMHI.FB@waldorfastoria.com<\/a><\/p>\n<p>or call +39 (06) 3509 2145<\/p>\n","protected":false},"excerpt":{"rendered":"<p>Notre fabuleux brunch du dimanche est de retour avec un tout nouveau formiate envelopp\u00e9 dans un environnement \u00e9l\u00e9gant et s\u00fbr avec tous vos ingr\u00e9dients locaux pr\u00e9f\u00e9r\u00e9s et saveurs m\u00e9diterran\u00e9ennes. Pour plus d&rsquo;informations et pour r\u00e9server votre table, \u00e9crivez \u00e0 ROMHI.FB@waldorfastoria.com or call +39 (06) 3509 2145<\/p>\n","protected":false},"author":3,"featured_media":8127,"parent":0,"menu_order":0,"comment_status":"closed","ping_status":"closed","template":"templates\/template-room-v2.php","meta":{"_acf_changed":false,"footnotes":""},"class_list":["post-2169","page","type-page","status-publish","has-post-thumbnail","hentry"],"acf":[],"_links":{"self":[{"href":"https:\/\/romecavalieri.com\/fr\/wp-json\/wp\/v2\/pages\/2169","targetHints":{"allow":["GET"]}}],"collection":[{"href":"https:\/\/romecavalieri.com\/fr\/wp-json\/wp\/v2\/pages"}],"about":[{"href":"https:\/\/romecavalieri.com\/fr\/wp-json\/wp\/v2\/types\/page"}],"author":[{"embeddable":true,"href":"https:\/\/romecavalieri.com\/fr\/wp-json\/wp\/v2\/users\/3"}],"replies":[{"embeddable":true,"href":"https:\/\/romecavalieri.com\/fr\/wp-json\/wp\/v2\/comments?post=2169"}],"version-history":[{"count":6,"href":"https:\/\/romecavalieri.com\/fr\/wp-json\/wp\/v2\/pages\/2169\/revisions"}],"predecessor-version":[{"id":12412,"href":"https:\/\/romecavalieri.com\/fr\/wp-json\/wp\/v2\/pages\/2169\/revisions\/12412"}],"wp:featuredmedia":[{"embeddable":true,"href":"https:\/\/romecavalieri.com\/fr\/wp-json\/wp\/v2\/media\/8127"}],"wp:attachment":[{"href":"https:\/\/romecavalieri.com\/fr\/wp-json\/wp\/v2\/media?parent=2169"}],"curies":[{"name":"wp","href":"https:\/\/api.w.org\/{rel}","templated":true}]}}