{"id":2230,"date":"2016-05-29T10:06:02","date_gmt":"2016-05-29T10:06:02","guid":{"rendered":"http:\/\/rome.staging.folkmatic.com\/fr\/grand-spa-facial-treatments\/"},"modified":"2024-03-23T15:53:40","modified_gmt":"2024-03-23T15:53:40","slug":"cavalieri-grand-spa-club-soins-du-visage","status":"publish","type":"page","link":"https:\/\/romecavalieri.com\/fr\/cavalieri-grand-spa-club-soins-du-visage\/","title":{"rendered":"Soins du Visage"},"content":{"rendered":"<h2>La beaut\u00e9 du geste<\/h2>\n<\/p>\n<h3>Nous avons trouv\u00e9 la source de jouvence et nous y instillons chaque jour des soins de beaut\u00e9 et de puret\u00e9 venus de Suisse.<\/h3>\n<\/p>\n<p><span style=\"color: #2b6e07;\"><a style=\"color: #2b6e07;\" href=\"https:\/\/qrco.de\/bbahcY\" target=\"_blank\" rel=\"noopener\">CAVALIERI GRAND SPA CLUB &#8211; FAQ<\/a><\/span><\/p>\n<p>Reservations are required for treatments and massages via e-mail at <a href=\"mailto:ROMHI.Fitness@waldorfastoria.com\">ROMHI.Fitness@waldorfastoria.com<\/a><\/h3>\n","protected":false},"excerpt":{"rendered":"<p>La beaut\u00e9 du geste Nous avons trouv\u00e9 la source de jouvence et nous y instillons chaque jour des soins de beaut\u00e9 et de puret\u00e9 venus de Suisse. CAVALIERI GRAND SPA CLUB &#8211; FAQ Reservations are required for treatments and massages via e-mail at ROMHI.Fitness@waldorfastoria.com<\/p>\n","protected":false},"author":3,"featured_media":3502,"parent":0,"menu_order":0,"comment_status":"closed","ping_status":"closed","template":"templates\/template-room-v2.php","meta":{"_acf_changed":false,"footnotes":""},"class_list":["post-2230","page","type-page","status-publish","has-post-thumbnail","hentry"],"acf":[],"_links":{"self":[{"href":"https:\/\/romecavalieri.com\/fr\/wp-json\/wp\/v2\/pages\/2230","targetHints":{"allow":["GET"]}}],"collection":[{"href":"https:\/\/romecavalieri.com\/fr\/wp-json\/wp\/v2\/pages"}],"about":[{"href":"https:\/\/romecavalieri.com\/fr\/wp-json\/wp\/v2\/types\/page"}],"author":[{"embeddable":true,"href":"https:\/\/romecavalieri.com\/fr\/wp-json\/wp\/v2\/users\/3"}],"replies":[{"embeddable":true,"href":"https:\/\/romecavalieri.com\/fr\/wp-json\/wp\/v2\/comments?post=2230"}],"version-history":[{"count":20,"href":"https:\/\/romecavalieri.com\/fr\/wp-json\/wp\/v2\/pages\/2230\/revisions"}],"predecessor-version":[{"id":13385,"href":"https:\/\/romecavalieri.com\/fr\/wp-json\/wp\/v2\/pages\/2230\/revisions\/13385"}],"wp:featuredmedia":[{"embeddable":true,"href":"https:\/\/romecavalieri.com\/fr\/wp-json\/wp\/v2\/media\/3502"}],"wp:attachment":[{"href":"https:\/\/romecavalieri.com\/fr\/wp-json\/wp\/v2\/media?parent=2230"}],"curies":[{"name":"wp","href":"https:\/\/api.w.org\/{rel}","templated":true}]}}