{"id":2233,"date":"2016-05-29T10:08:32","date_gmt":"2016-05-29T10:08:32","guid":{"rendered":"http:\/\/rome.staging.folkmatic.com\/fr\/grand-spa-body-massages\/"},"modified":"2024-03-23T15:50:45","modified_gmt":"2024-03-23T15:50:45","slug":"cavalieri-grand-spa-club-massages-corporels","status":"publish","type":"page","link":"https:\/\/romecavalieri.com\/fr\/cavalieri-grand-spa-club-massages-corporels\/","title":{"rendered":"Massages Corporels"},"content":{"rendered":"<h2>Nourrissez votre corps<\/h2>\n<\/p>\n<p>Nos th\u00e9rapeutes du spa appliquent de mani\u00e8re experte des th\u00e9rapies sublimes qui exploitent \u00e0 la fois le pouvoir de la nature et les connaissances scientifiques avec des ingr\u00e9dients tels que le caviar et les huiles essentielles.<\/p>\n<p><span style=\"color: #2b6e07;\"><a style=\"color: #2b6e07;\" href=\"https:\/\/qrco.de\/bbahcY\" target=\"_blank\" rel=\"noopener\">CAVALIERI GRAND SPA CLUB &#8211; FAQ<\/a><\/span><\/p>\n<p>Les r\u00e9servations sont obligatoires pour les soins et les massages par e-mail \u00e0 <a href=\"mailto:ROMHI.Fitness@waldorfastoria.com\">ROMHI.Fitness@waldorfastoria.com<\/a><\/p>\n<\/h3>\n","protected":false},"excerpt":{"rendered":"<p>Nourrissez votre corps Nos th\u00e9rapeutes du spa appliquent de mani\u00e8re experte des th\u00e9rapies sublimes qui exploitent \u00e0 la fois le pouvoir de la nature et les connaissances scientifiques avec des ingr\u00e9dients tels que le caviar et les huiles essentielles. CAVALIERI GRAND SPA CLUB &#8211; FAQ Les r\u00e9servations sont obligatoires pour les soins et les massages [&hellip;]<\/p>\n","protected":false},"author":3,"featured_media":2727,"parent":0,"menu_order":0,"comment_status":"closed","ping_status":"closed","template":"templates\/template-room-v2.php","meta":{"_acf_changed":false,"footnotes":""},"class_list":["post-2233","page","type-page","status-publish","has-post-thumbnail","hentry"],"acf":[],"_links":{"self":[{"href":"https:\/\/romecavalieri.com\/fr\/wp-json\/wp\/v2\/pages\/2233","targetHints":{"allow":["GET"]}}],"collection":[{"href":"https:\/\/romecavalieri.com\/fr\/wp-json\/wp\/v2\/pages"}],"about":[{"href":"https:\/\/romecavalieri.com\/fr\/wp-json\/wp\/v2\/types\/page"}],"author":[{"embeddable":true,"href":"https:\/\/romecavalieri.com\/fr\/wp-json\/wp\/v2\/users\/3"}],"replies":[{"embeddable":true,"href":"https:\/\/romecavalieri.com\/fr\/wp-json\/wp\/v2\/comments?post=2233"}],"version-history":[{"count":25,"href":"https:\/\/romecavalieri.com\/fr\/wp-json\/wp\/v2\/pages\/2233\/revisions"}],"predecessor-version":[{"id":13378,"href":"https:\/\/romecavalieri.com\/fr\/wp-json\/wp\/v2\/pages\/2233\/revisions\/13378"}],"wp:featuredmedia":[{"embeddable":true,"href":"https:\/\/romecavalieri.com\/fr\/wp-json\/wp\/v2\/media\/2727"}],"wp:attachment":[{"href":"https:\/\/romecavalieri.com\/fr\/wp-json\/wp\/v2\/media?parent=2233"}],"curies":[{"name":"wp","href":"https:\/\/api.w.org\/{rel}","templated":true}]}}