{"id":2236,"date":"2016-05-29T10:10:24","date_gmt":"2016-05-29T10:10:24","guid":{"rendered":"http:\/\/rome.staging.folkmatic.com\/fr\/grand-spa-fitness\/"},"modified":"2024-03-23T16:07:34","modified_gmt":"2024-03-23T16:07:34","slug":"cavalieri-grand-spa-club-fitness-fr","status":"publish","type":"page","link":"https:\/\/romecavalieri.com\/fr\/cavalieri-grand-spa-club-fitness-fr\/","title":{"rendered":"Le Fitness"},"content":{"rendered":"<h2>Un vent de fra\u00eecheur<\/h2>\n<\/p>\n<p>Ici sur les hauteurs du Monte Mario, l\u2019air est pr\u00e9cieux, et l\u2019atmosph\u00e8re paisible. Le fitness \u00e0 Rome est un pur plaisir, dans un environnement raffin\u00e9, avec des jus fra\u00eechement press\u00e9s et des \u00e9quipements professionnels qui vous emm\u00e8nent au sommet du bien-\u00eatre.<\/p>\n<p><span style=\"color: #2b6e07;\"><a style=\"color: #2b6e07;\" href=\"https:\/\/qrco.de\/beuZL1\" target=\"_blank\" rel=\"noopener\">CAVALIERI GRAND SPA CLUB &#8211; BROCHURE<\/a><\/span><\/p>\n<p><span style=\"color: #2b6e07;\"><a style=\"color: #2b6e07;\" href=\"https:\/\/qrco.de\/bbahcY\" target=\"_blank\" rel=\"noopener\">CAVALIERI GRAND SPA CLUB &#8211; FAQ<\/a><\/span><\/p>\n<p><a href=\"https:\/\/shop.bookin1.com\/property\/ROMHIVHIT\/vouchers\/list?cat=all\">GIFT CARD<\/a><\/p>\n","protected":false},"excerpt":{"rendered":"<p>Un vent de fra\u00eecheur Ici sur les hauteurs du Monte Mario, l\u2019air est pr\u00e9cieux, et l\u2019atmosph\u00e8re paisible. Le fitness \u00e0 Rome est un pur plaisir, dans un environnement raffin\u00e9, avec des jus fra\u00eechement press\u00e9s et des \u00e9quipements professionnels qui vous emm\u00e8nent au sommet du bien-\u00eatre. CAVALIERI GRAND SPA CLUB &#8211; BROCHURE CAVALIERI GRAND SPA CLUB [&hellip;]<\/p>\n","protected":false},"author":3,"featured_media":6869,"parent":0,"menu_order":0,"comment_status":"closed","ping_status":"closed","template":"templates\/template-room-v2.php","meta":{"_acf_changed":false,"footnotes":""},"class_list":["post-2236","page","type-page","status-publish","has-post-thumbnail","hentry"],"acf":[],"_links":{"self":[{"href":"https:\/\/romecavalieri.com\/fr\/wp-json\/wp\/v2\/pages\/2236","targetHints":{"allow":["GET"]}}],"collection":[{"href":"https:\/\/romecavalieri.com\/fr\/wp-json\/wp\/v2\/pages"}],"about":[{"href":"https:\/\/romecavalieri.com\/fr\/wp-json\/wp\/v2\/types\/page"}],"author":[{"embeddable":true,"href":"https:\/\/romecavalieri.com\/fr\/wp-json\/wp\/v2\/users\/3"}],"replies":[{"embeddable":true,"href":"https:\/\/romecavalieri.com\/fr\/wp-json\/wp\/v2\/comments?post=2236"}],"version-history":[{"count":20,"href":"https:\/\/romecavalieri.com\/fr\/wp-json\/wp\/v2\/pages\/2236\/revisions"}],"predecessor-version":[{"id":14451,"href":"https:\/\/romecavalieri.com\/fr\/wp-json\/wp\/v2\/pages\/2236\/revisions\/14451"}],"wp:featuredmedia":[{"embeddable":true,"href":"https:\/\/romecavalieri.com\/fr\/wp-json\/wp\/v2\/media\/6869"}],"wp:attachment":[{"href":"https:\/\/romecavalieri.com\/fr\/wp-json\/wp\/v2\/media?parent=2236"}],"curies":[{"name":"wp","href":"https:\/\/api.w.org\/{rel}","templated":true}]}}