{"id":2244,"date":"2016-05-29T10:10:53","date_gmt":"2016-05-29T10:10:53","guid":{"rendered":"http:\/\/rome.staging.folkmatic.com\/fr\/grand-spa-relax-pools\/"},"modified":"2025-02-09T13:38:27","modified_gmt":"2025-02-09T13:38:27","slug":"cavalieri-grand-spa-club-parc-piscines","status":"publish","type":"page","link":"https:\/\/romecavalieri.com\/fr\/cavalieri-grand-spa-club-parc-piscines\/","title":{"rendered":"Parc &#038; Piscines"},"content":{"rendered":"<h2>Un plongeon dans le bleu &#038; une balade dans le vert<\/h2>\n<\/p>\n<p>Un oasis rafra\u00eechissant vous accueille pendant les mois d\u2019\u00e9t\u00e9 ensoleill\u00e9 pour d\u2019agr\u00e9ables balades entre les pins verdoyants et des baignades dans l\u2019eau cristalline des piscines ext\u00e9rieures<\/p>\n<p><span style=\"color: #2b6e07;\"><a style=\"color: #2b6e07;\" href=\"https:\/\/qrco.de\/beuZL1\" target=\"_blank\" rel=\"noopener\">CAVALIERI GRAND SPA CLUB &#8211; BROCHURE<\/a><\/span><\/p>\n<p><span style=\"color: #2b6e07;\"><a style=\"color: #2b6e07;\" href=\"https:\/\/qrco.de\/bbahcY\" target=\"_blank\" rel=\"noopener\">CAVALIERI GRAND SPA CLUB &#8211; FAQ<\/a><\/span><\/p>\n<p><a href=\"https:\/\/shop.bookin1.com\/property\/ROMHIVHIT\/vouchers\/list?cat=all\">GIFT CARD<\/a><\/p>\n<p><a href=\"mailto:ROMHI.Fitness@waldorfastoria.com\">ROMHI.Fitness@waldorfastoria.com<\/a> or call <a href=\"tel:+390635092950\">+39 06 3509 2950<\/a><\/p>\n","protected":false},"excerpt":{"rendered":"<p>Un plongeon dans le bleu &#038; une balade dans le vert Un oasis rafra\u00eechissant vous accueille pendant les mois d\u2019\u00e9t\u00e9 ensoleill\u00e9 pour d\u2019agr\u00e9ables balades entre les pins verdoyants et des baignades dans l\u2019eau cristalline des piscines ext\u00e9rieures CAVALIERI GRAND SPA CLUB &#8211; BROCHURE CAVALIERI GRAND SPA CLUB &#8211; FAQ GIFT CARD ROMHI.Fitness@waldorfastoria.com or call +39 [&hellip;]<\/p>\n","protected":false},"author":3,"featured_media":3462,"parent":0,"menu_order":0,"comment_status":"closed","ping_status":"closed","template":"templates\/template-room-v2.php","meta":{"_acf_changed":false,"footnotes":""},"class_list":["post-2244","page","type-page","status-publish","has-post-thumbnail","hentry"],"acf":[],"_links":{"self":[{"href":"https:\/\/romecavalieri.com\/fr\/wp-json\/wp\/v2\/pages\/2244","targetHints":{"allow":["GET"]}}],"collection":[{"href":"https:\/\/romecavalieri.com\/fr\/wp-json\/wp\/v2\/pages"}],"about":[{"href":"https:\/\/romecavalieri.com\/fr\/wp-json\/wp\/v2\/types\/page"}],"author":[{"embeddable":true,"href":"https:\/\/romecavalieri.com\/fr\/wp-json\/wp\/v2\/users\/3"}],"replies":[{"embeddable":true,"href":"https:\/\/romecavalieri.com\/fr\/wp-json\/wp\/v2\/comments?post=2244"}],"version-history":[{"count":40,"href":"https:\/\/romecavalieri.com\/fr\/wp-json\/wp\/v2\/pages\/2244\/revisions"}],"predecessor-version":[{"id":14844,"href":"https:\/\/romecavalieri.com\/fr\/wp-json\/wp\/v2\/pages\/2244\/revisions\/14844"}],"wp:featuredmedia":[{"embeddable":true,"href":"https:\/\/romecavalieri.com\/fr\/wp-json\/wp\/v2\/media\/3462"}],"wp:attachment":[{"href":"https:\/\/romecavalieri.com\/fr\/wp-json\/wp\/v2\/media?parent=2244"}],"curies":[{"name":"wp","href":"https:\/\/api.w.org\/{rel}","templated":true}]}}