{"id":2249,"date":"2016-05-29T10:14:23","date_gmt":"2016-05-29T10:14:23","guid":{"rendered":"http:\/\/rome.staging.folkmatic.com\/fr\/grand-spa-packages-promotions\/"},"modified":"2024-03-23T16:13:01","modified_gmt":"2024-03-23T16:13:01","slug":"cavalieri-grand-spa-club-offres-speciales-promotions","status":"publish","type":"page","link":"https:\/\/romecavalieri.com\/fr\/cavalieri-grand-spa-club-offres-speciales-promotions\/","title":{"rendered":"Nos Offres Sp\u00e9ciales &#038; Promotions"},"content":{"rendered":"<h3>D\u00e9couvrez nos derni\u00e8res offres de soins et nos promotions exceptionnelles.<\/p>\n<p><span style=\"color: #2b6e07;\"><a style=\"color: #2b6e07;\" href=\"https:\/\/qrco.de\/beuZL1\" target=\"_blank\" rel=\"noopener\">CAVALIERI GRAND SPA CLUB &#8211; BROCHURE<\/a><\/span><\/p>\n<p><span style=\"color: #2b6e07;\"><a style=\"color: #2b6e07;\" href=\"https:\/\/qrco.de\/bbahcY\" target=\"_blank\" rel=\"noopener\">CAVALIERI GRAND SPA CLUB &#8211; FAQ<\/a><\/span><\/p>\n<p><a href=\"https:\/\/shop.bookin1.com\/property\/ROMHIVHIT\/vouchers\/list?cat=all\">GIFT CARD<\/a><\/p>\n<p>Pour plus d&rsquo;informations, \u00e9crivez \u00e0 <a href=\"mailto:ROMHI.Fitness@waldorfastoria.com\">ROMHI.Fitness@waldorfastoria.com<\/a><\/h3>\n","protected":false},"excerpt":{"rendered":"<p>D\u00e9couvrez nos derni\u00e8res offres de soins et nos promotions exceptionnelles. CAVALIERI GRAND SPA CLUB &#8211; BROCHURE CAVALIERI GRAND SPA CLUB &#8211; FAQ GIFT CARD Pour plus d&rsquo;informations, \u00e9crivez \u00e0 ROMHI.Fitness@waldorfastoria.com<\/p>\n","protected":false},"author":3,"featured_media":6854,"parent":0,"menu_order":0,"comment_status":"closed","ping_status":"closed","template":"templates\/template-room-v2.php","meta":{"_acf_changed":false,"footnotes":""},"class_list":["post-2249","page","type-page","status-publish","has-post-thumbnail","hentry"],"acf":[],"_links":{"self":[{"href":"https:\/\/romecavalieri.com\/fr\/wp-json\/wp\/v2\/pages\/2249","targetHints":{"allow":["GET"]}}],"collection":[{"href":"https:\/\/romecavalieri.com\/fr\/wp-json\/wp\/v2\/pages"}],"about":[{"href":"https:\/\/romecavalieri.com\/fr\/wp-json\/wp\/v2\/types\/page"}],"author":[{"embeddable":true,"href":"https:\/\/romecavalieri.com\/fr\/wp-json\/wp\/v2\/users\/3"}],"replies":[{"embeddable":true,"href":"https:\/\/romecavalieri.com\/fr\/wp-json\/wp\/v2\/comments?post=2249"}],"version-history":[{"count":48,"href":"https:\/\/romecavalieri.com\/fr\/wp-json\/wp\/v2\/pages\/2249\/revisions"}],"predecessor-version":[{"id":14455,"href":"https:\/\/romecavalieri.com\/fr\/wp-json\/wp\/v2\/pages\/2249\/revisions\/14455"}],"wp:featuredmedia":[{"embeddable":true,"href":"https:\/\/romecavalieri.com\/fr\/wp-json\/wp\/v2\/media\/6854"}],"wp:attachment":[{"href":"https:\/\/romecavalieri.com\/fr\/wp-json\/wp\/v2\/media?parent=2249"}],"curies":[{"name":"wp","href":"https:\/\/api.w.org\/{rel}","templated":true}]}}