{"id":3969,"date":"2016-05-27T06:32:42","date_gmt":"2016-05-27T06:32:42","guid":{"rendered":"http:\/\/rome.staging.folkmatic.com\/fr\/very-important-pets\/"},"modified":"2025-12-04T09:23:45","modified_gmt":"2025-12-04T09:23:45","slug":"very-important-pets-fr","status":"publish","type":"page","link":"https:\/\/romecavalieri.com\/fr\/very-important-pets-fr\/","title":{"rendered":"V.I.P. &#8211; Very Important Pets"},"content":{"rendered":"<p>La contesse du Cavalieri est une \u00e9l\u00e9gante chienne Daschung qui consid\u00e8re le Rome Cavalieri comme sa maison car c\u2019est l\u2019un des rares h\u00f4tels acceptant les animaux. Bien entendu elle re\u00e7oit des soins pour animaux d\u2019un grand raffinement, et ses exigeances \u00e9lev\u00e9es garantissent des soins parfaits pour votre companion \u00e0 quatre pattes.<\/p>\n<p><a href=\"https:\/\/qrco.de\/bd4d4H\">V.I.P. &#8211; Very Important Pets Program<\/a><\/p>\n","protected":false},"excerpt":{"rendered":"<p>La contesse du Cavalieri est une \u00e9l\u00e9gante chienne Daschung qui consid\u00e8re le Rome Cavalieri comme sa maison car c\u2019est l\u2019un des rares h\u00f4tels acceptant les animaux. Bien entendu elle re\u00e7oit des soins pour animaux d\u2019un grand raffinement, et ses exigeances \u00e9lev\u00e9es garantissent des soins parfaits pour votre companion \u00e0 quatre pattes. V.I.P. &#8211; Very Important [&hellip;]<\/p>\n","protected":false},"author":3,"featured_media":7046,"parent":0,"menu_order":0,"comment_status":"closed","ping_status":"closed","template":"templates\/template-room-v2.php","meta":{"_acf_changed":false,"footnotes":""},"class_list":["post-3969","page","type-page","status-publish","has-post-thumbnail","hentry"],"acf":[],"_links":{"self":[{"href":"https:\/\/romecavalieri.com\/fr\/wp-json\/wp\/v2\/pages\/3969","targetHints":{"allow":["GET"]}}],"collection":[{"href":"https:\/\/romecavalieri.com\/fr\/wp-json\/wp\/v2\/pages"}],"about":[{"href":"https:\/\/romecavalieri.com\/fr\/wp-json\/wp\/v2\/types\/page"}],"author":[{"embeddable":true,"href":"https:\/\/romecavalieri.com\/fr\/wp-json\/wp\/v2\/users\/3"}],"replies":[{"embeddable":true,"href":"https:\/\/romecavalieri.com\/fr\/wp-json\/wp\/v2\/comments?post=3969"}],"version-history":[{"count":7,"href":"https:\/\/romecavalieri.com\/fr\/wp-json\/wp\/v2\/pages\/3969\/revisions"}],"predecessor-version":[{"id":15060,"href":"https:\/\/romecavalieri.com\/fr\/wp-json\/wp\/v2\/pages\/3969\/revisions\/15060"}],"wp:featuredmedia":[{"embeddable":true,"href":"https:\/\/romecavalieri.com\/fr\/wp-json\/wp\/v2\/media\/7046"}],"wp:attachment":[{"href":"https:\/\/romecavalieri.com\/fr\/wp-json\/wp\/v2\/media?parent=3969"}],"curies":[{"name":"wp","href":"https:\/\/api.w.org\/{rel}","templated":true}]}}