{"id":3980,"date":"2016-05-27T06:43:29","date_gmt":"2016-05-27T06:43:29","guid":{"rendered":"http:\/\/rome.staging.folkmatic.com\/fr\/waldorf-driving-experience\/"},"modified":"2017-03-01T11:58:56","modified_gmt":"2017-03-01T11:58:56","slug":"super-cars-fr","status":"publish","type":"page","link":"https:\/\/romecavalieri.com\/fr\/super-cars-fr\/","title":{"rendered":"Super Cars"},"content":{"rendered":"<p>Les plus beaux mod\u00e8les du monde sont d\u00e9sormais disponibles au Rome Cavalieri pour ceux qui aiment les sensations fortes. D\u00eetes-nous qu\u2019elle est votre marque pr\u00e9f\u00e9r\u00e9e et la voiture s\u2019avancera dans l\u2019all\u00e9e comme dans un r\u00eave, pr\u00eate \u00e0 partir avec vous pour faire un tour en ville et dans la r\u00e9gion.<\/p>\n","protected":false},"excerpt":{"rendered":"<p>Les plus beaux mod\u00e8les du monde sont d\u00e9sormais disponibles au Rome Cavalieri pour ceux qui aiment les sensations fortes. D\u00eetes-nous qu\u2019elle est votre marque pr\u00e9f\u00e9r\u00e9e et la voiture s\u2019avancera dans l\u2019all\u00e9e comme dans un r\u00eave, pr\u00eate \u00e0 partir avec vous pour faire un tour en ville et dans la r\u00e9gion.<\/p>\n","protected":false},"author":3,"featured_media":5952,"parent":0,"menu_order":0,"comment_status":"closed","ping_status":"closed","template":"templates\/template-room-v2.php","meta":{"_acf_changed":false,"footnotes":""},"class_list":["post-3980","page","type-page","status-publish","has-post-thumbnail","hentry"],"acf":[],"_links":{"self":[{"href":"https:\/\/romecavalieri.com\/fr\/wp-json\/wp\/v2\/pages\/3980","targetHints":{"allow":["GET"]}}],"collection":[{"href":"https:\/\/romecavalieri.com\/fr\/wp-json\/wp\/v2\/pages"}],"about":[{"href":"https:\/\/romecavalieri.com\/fr\/wp-json\/wp\/v2\/types\/page"}],"author":[{"embeddable":true,"href":"https:\/\/romecavalieri.com\/fr\/wp-json\/wp\/v2\/users\/3"}],"replies":[{"embeddable":true,"href":"https:\/\/romecavalieri.com\/fr\/wp-json\/wp\/v2\/comments?post=3980"}],"version-history":[{"count":8,"href":"https:\/\/romecavalieri.com\/fr\/wp-json\/wp\/v2\/pages\/3980\/revisions"}],"predecessor-version":[{"id":7258,"href":"https:\/\/romecavalieri.com\/fr\/wp-json\/wp\/v2\/pages\/3980\/revisions\/7258"}],"wp:featuredmedia":[{"embeddable":true,"href":"https:\/\/romecavalieri.com\/fr\/wp-json\/wp\/v2\/media\/5952"}],"wp:attachment":[{"href":"https:\/\/romecavalieri.com\/fr\/wp-json\/wp\/v2\/media?parent=3980"}],"curies":[{"name":"wp","href":"https:\/\/api.w.org\/{rel}","templated":true}]}}