{"id":3983,"date":"2016-03-24T09:57:14","date_gmt":"2016-03-24T09:57:14","guid":{"rendered":"http:\/\/rome.staging.folkmatic.com\/fr\/limousine-service\/"},"modified":"2025-09-22T08:38:59","modified_gmt":"2025-09-22T08:38:59","slug":"service-limousine-prive","status":"publish","type":"page","link":"https:\/\/romecavalieri.com\/fr\/service-limousine-prive\/","title":{"rendered":"Service Limousine Priv\u00e9"},"content":{"rendered":"<p>Vous franchissez les portes de l\u2019a\u00e9roport, et vous voil\u00e0 arriv\u00e9 \u00e0 destination, au Rome Cavalieri. Votre chauffeur vient vous acceuillir et vous installe dans le confort raffra\u00eechissant de votre limousine, un v\u00e9ritable salon roulant avec des magazines et des boissons mis \u00e0 votre disposition. Les transferts peuvent \u00eatre organis\u00e9s \u00e0 partir de l\u2019a\u00e9roport de votre choix.<\/p>\n","protected":false},"excerpt":{"rendered":"<p>Vous franchissez les portes de l\u2019a\u00e9roport, et vous voil\u00e0 arriv\u00e9 \u00e0 destination, au Rome Cavalieri. Votre chauffeur vient vous acceuillir et vous installe dans le confort raffra\u00eechissant de votre limousine, un v\u00e9ritable salon roulant avec des magazines et des boissons mis \u00e0 votre disposition. Les transferts peuvent \u00eatre organis\u00e9s \u00e0 partir de l\u2019a\u00e9roport de votre [&hellip;]<\/p>\n","protected":false},"author":3,"featured_media":5254,"parent":0,"menu_order":0,"comment_status":"closed","ping_status":"closed","template":"templates\/template-listing.php","meta":{"_acf_changed":false,"footnotes":""},"class_list":["post-3983","page","type-page","status-publish","has-post-thumbnail","hentry"],"acf":[],"_links":{"self":[{"href":"https:\/\/romecavalieri.com\/fr\/wp-json\/wp\/v2\/pages\/3983","targetHints":{"allow":["GET"]}}],"collection":[{"href":"https:\/\/romecavalieri.com\/fr\/wp-json\/wp\/v2\/pages"}],"about":[{"href":"https:\/\/romecavalieri.com\/fr\/wp-json\/wp\/v2\/types\/page"}],"author":[{"embeddable":true,"href":"https:\/\/romecavalieri.com\/fr\/wp-json\/wp\/v2\/users\/3"}],"replies":[{"embeddable":true,"href":"https:\/\/romecavalieri.com\/fr\/wp-json\/wp\/v2\/comments?post=3983"}],"version-history":[{"count":12,"href":"https:\/\/romecavalieri.com\/fr\/wp-json\/wp\/v2\/pages\/3983\/revisions"}],"predecessor-version":[{"id":14979,"href":"https:\/\/romecavalieri.com\/fr\/wp-json\/wp\/v2\/pages\/3983\/revisions\/14979"}],"wp:featuredmedia":[{"embeddable":true,"href":"https:\/\/romecavalieri.com\/fr\/wp-json\/wp\/v2\/media\/5254"}],"wp:attachment":[{"href":"https:\/\/romecavalieri.com\/fr\/wp-json\/wp\/v2\/media?parent=3983"}],"curies":[{"name":"wp","href":"https:\/\/api.w.org\/{rel}","templated":true}]}}