{"id":3990,"date":"2016-05-27T06:44:42","date_gmt":"2016-05-27T06:44:42","guid":{"rendered":"http:\/\/rome.staging.folkmatic.com\/fr\/golf\/"},"modified":"2023-10-02T07:59:04","modified_gmt":"2023-10-02T07:59:04","slug":"ryder-cup-golf-fr","status":"publish","type":"page","link":"https:\/\/romecavalieri.com\/fr\/ryder-cup-golf-fr\/","title":{"rendered":"Ryder Cup Golf"},"content":{"rendered":"<h2>Pour rendre votre exp\u00e9rience de golf \u00e0 Rome inoubliable, et en tant qu&rsquo;h\u00f4tel officiel de l&rsquo;\u00e9quipe de la Ryder Cup 2023, ayant accueilli l&rsquo;\u00e9quipe Europe et l&rsquo;\u00e9quipe am\u00e9ricaine, nous serons heureux d&rsquo;organiser votre visite sur le site officiel de la Ryder Cup 2023:\u00a0<a href=\"http:\/\/www.golfmarcosimone.com\">Marco Simone Golf &amp; Country Club<\/a><\/h2>\n","protected":false},"excerpt":{"rendered":"<p>Pour rendre votre exp\u00e9rience de golf \u00e0 Rome inoubliable, et en tant qu&rsquo;h\u00f4tel officiel de l&rsquo;\u00e9quipe de la Ryder Cup 2023, ayant accueilli l&rsquo;\u00e9quipe Europe et l&rsquo;\u00e9quipe am\u00e9ricaine, nous serons heureux d&rsquo;organiser votre visite sur le site officiel de la Ryder Cup 2023:\u00a0Marco Simone Golf &amp; Country Club<\/p>\n","protected":false},"author":3,"featured_media":13624,"parent":0,"menu_order":0,"comment_status":"closed","ping_status":"closed","template":"templates\/template-room-v2.php","meta":{"_acf_changed":false,"footnotes":""},"class_list":["post-3990","page","type-page","status-publish","has-post-thumbnail","hentry"],"acf":[],"_links":{"self":[{"href":"https:\/\/romecavalieri.com\/fr\/wp-json\/wp\/v2\/pages\/3990","targetHints":{"allow":["GET"]}}],"collection":[{"href":"https:\/\/romecavalieri.com\/fr\/wp-json\/wp\/v2\/pages"}],"about":[{"href":"https:\/\/romecavalieri.com\/fr\/wp-json\/wp\/v2\/types\/page"}],"author":[{"embeddable":true,"href":"https:\/\/romecavalieri.com\/fr\/wp-json\/wp\/v2\/users\/3"}],"replies":[{"embeddable":true,"href":"https:\/\/romecavalieri.com\/fr\/wp-json\/wp\/v2\/comments?post=3990"}],"version-history":[{"count":18,"href":"https:\/\/romecavalieri.com\/fr\/wp-json\/wp\/v2\/pages\/3990\/revisions"}],"predecessor-version":[{"id":14178,"href":"https:\/\/romecavalieri.com\/fr\/wp-json\/wp\/v2\/pages\/3990\/revisions\/14178"}],"wp:featuredmedia":[{"embeddable":true,"href":"https:\/\/romecavalieri.com\/fr\/wp-json\/wp\/v2\/media\/13624"}],"wp:attachment":[{"href":"https:\/\/romecavalieri.com\/fr\/wp-json\/wp\/v2\/media?parent=3990"}],"curies":[{"name":"wp","href":"https:\/\/api.w.org\/{rel}","templated":true}]}}