{"id":3995,"date":"2016-05-29T10:22:02","date_gmt":"2016-05-29T10:22:02","guid":{"rendered":"http:\/\/rome.staging.folkmatic.com\/fr\/exclusive-city-tours\/"},"modified":"2016-07-29T09:09:04","modified_gmt":"2016-07-29T09:09:04","slug":"visites-guide-prive-de-rome","status":"publish","type":"page","link":"https:\/\/romecavalieri.com\/fr\/visites-guide-prive-de-rome\/","title":{"rendered":"Visites et Guide Priv\u00e9 de Rome"},"content":{"rendered":"<p>Le Rome Cavalieri peut vous faire d\u00e9couvrir les coins cach\u00e9s, les plus beaux et les plus remarquables de la Ville \u00e9ternelle. Votre guide priv\u00e9 de Rome vous obtiendra un acc\u00e8s exclusif \u00e0 certaines demeures qui font partie de la famille de l\u2019aristocratie Romaine depuis des si\u00e8cles.<\/p>\n","protected":false},"excerpt":{"rendered":"<p>Le Rome Cavalieri peut vous faire d\u00e9couvrir les coins cach\u00e9s, les plus beaux et les plus remarquables de la Ville \u00e9ternelle. Votre guide priv\u00e9 de Rome vous obtiendra un acc\u00e8s exclusif \u00e0 certaines demeures qui font partie de la famille de l\u2019aristocratie Romaine depuis des si\u00e8cles.<\/p>\n","protected":false},"author":3,"featured_media":5123,"parent":0,"menu_order":0,"comment_status":"closed","ping_status":"closed","template":"templates\/template-room-v2.php","meta":{"_acf_changed":false,"footnotes":""},"class_list":["post-3995","page","type-page","status-publish","has-post-thumbnail","hentry"],"acf":[],"_links":{"self":[{"href":"https:\/\/romecavalieri.com\/fr\/wp-json\/wp\/v2\/pages\/3995","targetHints":{"allow":["GET"]}}],"collection":[{"href":"https:\/\/romecavalieri.com\/fr\/wp-json\/wp\/v2\/pages"}],"about":[{"href":"https:\/\/romecavalieri.com\/fr\/wp-json\/wp\/v2\/types\/page"}],"author":[{"embeddable":true,"href":"https:\/\/romecavalieri.com\/fr\/wp-json\/wp\/v2\/users\/3"}],"replies":[{"embeddable":true,"href":"https:\/\/romecavalieri.com\/fr\/wp-json\/wp\/v2\/comments?post=3995"}],"version-history":[{"count":4,"href":"https:\/\/romecavalieri.com\/fr\/wp-json\/wp\/v2\/pages\/3995\/revisions"}],"predecessor-version":[{"id":5372,"href":"https:\/\/romecavalieri.com\/fr\/wp-json\/wp\/v2\/pages\/3995\/revisions\/5372"}],"wp:featuredmedia":[{"embeddable":true,"href":"https:\/\/romecavalieri.com\/fr\/wp-json\/wp\/v2\/media\/5123"}],"wp:attachment":[{"href":"https:\/\/romecavalieri.com\/fr\/wp-json\/wp\/v2\/media?parent=3995"}],"curies":[{"name":"wp","href":"https:\/\/api.w.org\/{rel}","templated":true}]}}