{"id":3998,"date":"2016-05-29T10:34:55","date_gmt":"2016-05-29T10:34:55","guid":{"rendered":"http:\/\/rome.staging.folkmatic.com\/fr\/vatican-museums-sistine-chapel-vatican-gardens\/"},"modified":"2024-11-27T07:55:40","modified_gmt":"2024-11-27T07:55:40","slug":"vatican-fr","status":"publish","type":"page","link":"https:\/\/romecavalieri.com\/fr\/vatican-fr\/","title":{"rendered":"Mus\u00e9es du Vatican, Chapelle Sixtine et Jardins du Vatican"},"content":{"rendered":"<p>Le Rome Cavalieri vous assurera un acc\u00e8s privil\u00e9gier aux sites les plus sacr\u00e9s et les plus v\u00e9n\u00e9r\u00e9s de Rome. Entrez par un passage secret dans la basilique Saint-Pierre, en passant devant les tombes de saint Pierre et des papes, avant d\u2019observer la Piet\u00e0 de Michelange et le baldaquin de Bernini.<\/p>\n","protected":false},"excerpt":{"rendered":"<p>Le Rome Cavalieri vous assurera un acc\u00e8s privil\u00e9gier aux sites les plus sacr\u00e9s et les plus v\u00e9n\u00e9r\u00e9s de Rome. Entrez par un passage secret dans la basilique Saint-Pierre, en passant devant les tombes de saint Pierre et des papes, avant d\u2019observer la Piet\u00e0 de Michelange et le baldaquin de Bernini.<\/p>\n","protected":false},"author":3,"featured_media":3832,"parent":0,"menu_order":0,"comment_status":"closed","ping_status":"closed","template":"templates\/template-room-v2.php","meta":{"_acf_changed":false,"footnotes":""},"class_list":["post-3998","page","type-page","status-publish","has-post-thumbnail","hentry"],"acf":[],"_links":{"self":[{"href":"https:\/\/romecavalieri.com\/fr\/wp-json\/wp\/v2\/pages\/3998","targetHints":{"allow":["GET"]}}],"collection":[{"href":"https:\/\/romecavalieri.com\/fr\/wp-json\/wp\/v2\/pages"}],"about":[{"href":"https:\/\/romecavalieri.com\/fr\/wp-json\/wp\/v2\/types\/page"}],"author":[{"embeddable":true,"href":"https:\/\/romecavalieri.com\/fr\/wp-json\/wp\/v2\/users\/3"}],"replies":[{"embeddable":true,"href":"https:\/\/romecavalieri.com\/fr\/wp-json\/wp\/v2\/comments?post=3998"}],"version-history":[{"count":7,"href":"https:\/\/romecavalieri.com\/fr\/wp-json\/wp\/v2\/pages\/3998\/revisions"}],"predecessor-version":[{"id":14766,"href":"https:\/\/romecavalieri.com\/fr\/wp-json\/wp\/v2\/pages\/3998\/revisions\/14766"}],"wp:featuredmedia":[{"embeddable":true,"href":"https:\/\/romecavalieri.com\/fr\/wp-json\/wp\/v2\/media\/3832"}],"wp:attachment":[{"href":"https:\/\/romecavalieri.com\/fr\/wp-json\/wp\/v2\/media?parent=3998"}],"curies":[{"name":"wp","href":"https:\/\/api.w.org\/{rel}","templated":true}]}}