{"id":4001,"date":"2016-05-29T10:42:19","date_gmt":"2016-05-29T10:42:19","guid":{"rendered":"http:\/\/rome.staging.folkmatic.com\/fr\/private-palaces\/"},"modified":"2016-08-05T07:12:51","modified_gmt":"2016-08-05T07:12:51","slug":"palais-prives","status":"publish","type":"page","link":"https:\/\/romecavalieri.com\/fr\/palais-prives\/","title":{"rendered":"Palais Priv\u00e9s"},"content":{"rendered":"<p>Le Rome Cavalieri vous ouvrira les portes des plus beaux palais de Rome, vous r\u00e9v\u00e9lant ainsi des tr\u00e9sors artistiques. Notre historien vous proposera une visite priv\u00e9e de la c\u00e9l\u00e8bre fresque de Guido Reni au Casino dell\u2019Aurora, situ\u00e9e dans le jardin du Palazzo Pallavicini construit par la famille Borghese.<\/p>\n","protected":false},"excerpt":{"rendered":"<p>Le Rome Cavalieri vous ouvrira les portes des plus beaux palais de Rome, vous r\u00e9v\u00e9lant ainsi des tr\u00e9sors artistiques. Notre historien vous proposera une visite priv\u00e9e de la c\u00e9l\u00e8bre fresque de Guido Reni au Casino dell\u2019Aurora, situ\u00e9e dans le jardin du Palazzo Pallavicini construit par la famille Borghese.<\/p>\n","protected":false},"author":3,"featured_media":3872,"parent":0,"menu_order":0,"comment_status":"closed","ping_status":"closed","template":"templates\/template-room-v2.php","meta":{"_acf_changed":false,"footnotes":""},"class_list":["post-4001","page","type-page","status-publish","has-post-thumbnail","hentry"],"acf":[],"_links":{"self":[{"href":"https:\/\/romecavalieri.com\/fr\/wp-json\/wp\/v2\/pages\/4001","targetHints":{"allow":["GET"]}}],"collection":[{"href":"https:\/\/romecavalieri.com\/fr\/wp-json\/wp\/v2\/pages"}],"about":[{"href":"https:\/\/romecavalieri.com\/fr\/wp-json\/wp\/v2\/types\/page"}],"author":[{"embeddable":true,"href":"https:\/\/romecavalieri.com\/fr\/wp-json\/wp\/v2\/users\/3"}],"replies":[{"embeddable":true,"href":"https:\/\/romecavalieri.com\/fr\/wp-json\/wp\/v2\/comments?post=4001"}],"version-history":[{"count":7,"href":"https:\/\/romecavalieri.com\/fr\/wp-json\/wp\/v2\/pages\/4001\/revisions"}],"predecessor-version":[{"id":5674,"href":"https:\/\/romecavalieri.com\/fr\/wp-json\/wp\/v2\/pages\/4001\/revisions\/5674"}],"wp:featuredmedia":[{"embeddable":true,"href":"https:\/\/romecavalieri.com\/fr\/wp-json\/wp\/v2\/media\/3872"}],"wp:attachment":[{"href":"https:\/\/romecavalieri.com\/fr\/wp-json\/wp\/v2\/media?parent=4001"}],"curies":[{"name":"wp","href":"https:\/\/api.w.org\/{rel}","templated":true}]}}