{"id":4006,"date":"2016-05-29T10:42:47","date_gmt":"2016-05-29T10:42:47","guid":{"rendered":"http:\/\/rome.staging.folkmatic.com\/fr\/gladiator-lesson\/"},"modified":"2016-07-22T15:48:31","modified_gmt":"2016-07-22T15:48:31","slug":"ecole-de-gladiateur","status":"publish","type":"page","link":"https:\/\/romecavalieri.com\/fr\/ecole-de-gladiateur\/","title":{"rendered":"L&rsquo;\u00c9cole de Gladiateur"},"content":{"rendered":"<p>D\u00e9crochez vos premiers \u00e9chelons de gladiateur, de novicius \u00e0 tiro, et d\u00e9couvrez les charmes d\u2019un entra\u00eenement personnel hors du commun. Avec l\u2019aide d\u2019un professionnel vous apprendrez les techniques de combat de l\u2019antiquit\u00e9, et comment faire la diff\u00e9rence entre Gallus, Thracian et les Provocatores, vous permettant ainsi de d\u00e9couvrir une nouvelle facette extraordinaire de l\u2019histoire de l\u2019antiquit\u00e9.<\/p>\n","protected":false},"excerpt":{"rendered":"<p>D\u00e9crochez vos premiers \u00e9chelons de gladiateur, de novicius \u00e0 tiro, et d\u00e9couvrez les charmes d\u2019un entra\u00eenement personnel hors du commun. Avec l\u2019aide d\u2019un professionnel vous apprendrez les techniques de combat de l\u2019antiquit\u00e9, et comment faire la diff\u00e9rence entre Gallus, Thracian et les Provocatores, vous permettant ainsi de d\u00e9couvrir une nouvelle facette extraordinaire de l\u2019histoire de [&hellip;]<\/p>\n","protected":false},"author":3,"featured_media":2867,"parent":0,"menu_order":0,"comment_status":"closed","ping_status":"closed","template":"templates\/template-room-v2.php","meta":{"_acf_changed":false,"footnotes":""},"class_list":["post-4006","page","type-page","status-publish","has-post-thumbnail","hentry"],"acf":[],"_links":{"self":[{"href":"https:\/\/romecavalieri.com\/fr\/wp-json\/wp\/v2\/pages\/4006","targetHints":{"allow":["GET"]}}],"collection":[{"href":"https:\/\/romecavalieri.com\/fr\/wp-json\/wp\/v2\/pages"}],"about":[{"href":"https:\/\/romecavalieri.com\/fr\/wp-json\/wp\/v2\/types\/page"}],"author":[{"embeddable":true,"href":"https:\/\/romecavalieri.com\/fr\/wp-json\/wp\/v2\/users\/3"}],"replies":[{"embeddable":true,"href":"https:\/\/romecavalieri.com\/fr\/wp-json\/wp\/v2\/comments?post=4006"}],"version-history":[{"count":4,"href":"https:\/\/romecavalieri.com\/fr\/wp-json\/wp\/v2\/pages\/4006\/revisions"}],"predecessor-version":[{"id":4651,"href":"https:\/\/romecavalieri.com\/fr\/wp-json\/wp\/v2\/pages\/4006\/revisions\/4651"}],"wp:featuredmedia":[{"embeddable":true,"href":"https:\/\/romecavalieri.com\/fr\/wp-json\/wp\/v2\/media\/2867"}],"wp:attachment":[{"href":"https:\/\/romecavalieri.com\/fr\/wp-json\/wp\/v2\/media?parent=4006"}],"curies":[{"name":"wp","href":"https:\/\/api.w.org\/{rel}","templated":true}]}}