{"id":4016,"date":"2016-05-29T10:43:53","date_gmt":"2016-05-29T10:43:53","guid":{"rendered":"http:\/\/rome.staging.folkmatic.com\/fr\/rome-cavalieri-art-collection\/"},"modified":"2016-08-10T16:11:05","modified_gmt":"2016-08-10T16:11:05","slug":"la-collection-d-art","status":"publish","type":"page","link":"https:\/\/romecavalieri.com\/fr\/la-collection-d-art\/","title":{"rendered":"La Collection d&rsquo;Art du Rome Cavalieri"},"content":{"rendered":"<p>L\u2019h\u00f4tel Rome Cavalieri abrite l\u2019une des plus grandes collections d\u2019art priv\u00e9es du monde avec environ un millier de tr\u00e9sors inestimables qui vont des grands ma\u00eetres du 16e si\u00e8cle \u00e0 l\u2019art contemporain, et des costumes de ballet de Nureyev aux vases d\u2019\u00c9mile Gall\u00e9.<\/p>\n","protected":false},"excerpt":{"rendered":"<p>L\u2019h\u00f4tel Rome Cavalieri abrite l\u2019une des plus grandes collections d\u2019art priv\u00e9es du monde avec environ un millier de tr\u00e9sors inestimables qui vont des grands ma\u00eetres du 16e si\u00e8cle \u00e0 l\u2019art contemporain, et des costumes de ballet de Nureyev aux vases d\u2019\u00c9mile Gall\u00e9.<\/p>\n","protected":false},"author":3,"featured_media":7835,"parent":0,"menu_order":0,"comment_status":"closed","ping_status":"closed","template":"templates\/template-room-v2.php","meta":{"_acf_changed":false,"footnotes":""},"class_list":["post-4016","page","type-page","status-publish","has-post-thumbnail","hentry"],"acf":[],"_links":{"self":[{"href":"https:\/\/romecavalieri.com\/fr\/wp-json\/wp\/v2\/pages\/4016","targetHints":{"allow":["GET"]}}],"collection":[{"href":"https:\/\/romecavalieri.com\/fr\/wp-json\/wp\/v2\/pages"}],"about":[{"href":"https:\/\/romecavalieri.com\/fr\/wp-json\/wp\/v2\/types\/page"}],"author":[{"embeddable":true,"href":"https:\/\/romecavalieri.com\/fr\/wp-json\/wp\/v2\/users\/3"}],"replies":[{"embeddable":true,"href":"https:\/\/romecavalieri.com\/fr\/wp-json\/wp\/v2\/comments?post=4016"}],"version-history":[{"count":4,"href":"https:\/\/romecavalieri.com\/fr\/wp-json\/wp\/v2\/pages\/4016\/revisions"}],"predecessor-version":[{"id":5796,"href":"https:\/\/romecavalieri.com\/fr\/wp-json\/wp\/v2\/pages\/4016\/revisions\/5796"}],"wp:featuredmedia":[{"embeddable":true,"href":"https:\/\/romecavalieri.com\/fr\/wp-json\/wp\/v2\/media\/7835"}],"wp:attachment":[{"href":"https:\/\/romecavalieri.com\/fr\/wp-json\/wp\/v2\/media?parent=4016"}],"curies":[{"name":"wp","href":"https:\/\/api.w.org\/{rel}","templated":true}]}}