{"id":4025,"date":"2016-05-29T11:03:14","date_gmt":"2016-05-29T11:03:14","guid":{"rendered":"http:\/\/rome.staging.folkmatic.com\/fr\/waldorf-wedding\/"},"modified":"2016-08-05T11:56:05","modified_gmt":"2016-08-05T11:56:05","slug":"waldorf-wedding-fr","status":"publish","type":"page","link":"https:\/\/romecavalieri.com\/fr\/waldorf-wedding-fr\/","title":{"rendered":"A Waldorf Wedding"},"content":{"rendered":"<p>Depuis ce jour de 1893 o\u00f9 William Waldorf Astor eut un coup de c\u0153ur pour un h\u00f4tel de la Cinqui\u00e8me Avenue, le nom Waldorf devint synonyme de luxe. Ne vous attendez pas \u00e0 autre chose quand vous choisissez le Rome Cavalieri pour organiser votre mariage \u00e0 Rome.<\/p>\n","protected":false},"excerpt":{"rendered":"<p>Depuis ce jour de 1893 o\u00f9 William Waldorf Astor eut un coup de c\u0153ur pour un h\u00f4tel de la Cinqui\u00e8me Avenue, le nom Waldorf devint synonyme de luxe. Ne vous attendez pas \u00e0 autre chose quand vous choisissez le Rome Cavalieri pour organiser votre mariage \u00e0 Rome.<\/p>\n","protected":false},"author":3,"featured_media":5913,"parent":0,"menu_order":0,"comment_status":"closed","ping_status":"closed","template":"templates\/template-room-v2.php","meta":{"_acf_changed":false,"footnotes":""},"class_list":["post-4025","page","type-page","status-publish","has-post-thumbnail","hentry"],"acf":[],"_links":{"self":[{"href":"https:\/\/romecavalieri.com\/fr\/wp-json\/wp\/v2\/pages\/4025","targetHints":{"allow":["GET"]}}],"collection":[{"href":"https:\/\/romecavalieri.com\/fr\/wp-json\/wp\/v2\/pages"}],"about":[{"href":"https:\/\/romecavalieri.com\/fr\/wp-json\/wp\/v2\/types\/page"}],"author":[{"embeddable":true,"href":"https:\/\/romecavalieri.com\/fr\/wp-json\/wp\/v2\/users\/3"}],"replies":[{"embeddable":true,"href":"https:\/\/romecavalieri.com\/fr\/wp-json\/wp\/v2\/comments?post=4025"}],"version-history":[{"count":6,"href":"https:\/\/romecavalieri.com\/fr\/wp-json\/wp\/v2\/pages\/4025\/revisions"}],"predecessor-version":[{"id":5683,"href":"https:\/\/romecavalieri.com\/fr\/wp-json\/wp\/v2\/pages\/4025\/revisions\/5683"}],"wp:featuredmedia":[{"embeddable":true,"href":"https:\/\/romecavalieri.com\/fr\/wp-json\/wp\/v2\/media\/5913"}],"wp:attachment":[{"href":"https:\/\/romecavalieri.com\/fr\/wp-json\/wp\/v2\/media?parent=4025"}],"curies":[{"name":"wp","href":"https:\/\/api.w.org\/{rel}","templated":true}]}}