{"id":4031,"date":"2016-04-26T08:22:48","date_gmt":"2016-04-26T08:22:48","guid":{"rendered":"http:\/\/rome.staging.folkmatic.com\/fr\/suites\/"},"modified":"2025-01-07T08:29:52","modified_gmt":"2025-01-07T08:29:52","slug":"suites-fr","status":"publish","type":"page","link":"https:\/\/romecavalieri.com\/fr\/suites-fr\/","title":{"rendered":"Suites"},"content":{"rendered":"<p>Des terrasses pour faire la f\u00eate sur les hauteurs de Rome, des d\u00eeners priv\u00e9s de grande classe, un bureau taill\u00e9 pour des hommes d\u2019\u00e9tats, chacune de nos suites s\u2019\u00e9tend sur un espace d\u00e9mesur\u00e9 qui abrite trois si\u00e8cles d\u2019histoire dans une collection d\u2019art inestimable.<\/p>\n","protected":false},"excerpt":{"rendered":"<p>Des terrasses pour faire la f\u00eate sur les hauteurs de Rome, des d\u00eeners priv\u00e9s de grande classe, un bureau taill\u00e9 pour des hommes d\u2019\u00e9tats, chacune de nos suites s\u2019\u00e9tend sur un espace d\u00e9mesur\u00e9 qui abrite trois si\u00e8cles d\u2019histoire dans une collection d\u2019art inestimable.<\/p>\n","protected":false},"author":3,"featured_media":5937,"parent":0,"menu_order":0,"comment_status":"closed","ping_status":"closed","template":"templates\/template-suites.php","meta":{"_acf_changed":false,"footnotes":""},"class_list":["post-4031","page","type-page","status-publish","has-post-thumbnail","hentry"],"acf":[],"_links":{"self":[{"href":"https:\/\/romecavalieri.com\/fr\/wp-json\/wp\/v2\/pages\/4031","targetHints":{"allow":["GET"]}}],"collection":[{"href":"https:\/\/romecavalieri.com\/fr\/wp-json\/wp\/v2\/pages"}],"about":[{"href":"https:\/\/romecavalieri.com\/fr\/wp-json\/wp\/v2\/types\/page"}],"author":[{"embeddable":true,"href":"https:\/\/romecavalieri.com\/fr\/wp-json\/wp\/v2\/users\/3"}],"replies":[{"embeddable":true,"href":"https:\/\/romecavalieri.com\/fr\/wp-json\/wp\/v2\/comments?post=4031"}],"version-history":[{"count":5,"href":"https:\/\/romecavalieri.com\/fr\/wp-json\/wp\/v2\/pages\/4031\/revisions"}],"predecessor-version":[{"id":14812,"href":"https:\/\/romecavalieri.com\/fr\/wp-json\/wp\/v2\/pages\/4031\/revisions\/14812"}],"wp:featuredmedia":[{"embeddable":true,"href":"https:\/\/romecavalieri.com\/fr\/wp-json\/wp\/v2\/media\/5937"}],"wp:attachment":[{"href":"https:\/\/romecavalieri.com\/fr\/wp-json\/wp\/v2\/media?parent=4031"}],"curies":[{"name":"wp","href":"https:\/\/api.w.org\/{rel}","templated":true}]}}