{"id":4349,"date":"2016-03-24T10:56:29","date_gmt":"2016-03-24T10:56:29","guid":{"rendered":"http:\/\/rome.staging.folkmatic.com\/fr\/meetings-conferences\/"},"modified":"2025-09-22T08:34:18","modified_gmt":"2025-09-22T08:34:18","slug":"reunions-conferences","status":"publish","type":"page","link":"https:\/\/romecavalieri.com\/fr\/reunions-conferences\/","title":{"rendered":"R\u00e9unions &#038; Conf\u00e9rences"},"content":{"rendered":"<p>Quand 2.000 invit\u00e9s se r\u00e9unissent au Rome Cavalieri avec des attentes \u00e9lev\u00e9es, nous mettons toute notre \u00e9nergie afin de les surpasser.<\/p>\n<p>T: (+39) 06 35092000<\/p>\n<p>E: <a href=\"mailto:RomeCavalieri.Events@waldorfastoria.com\">RomeCavalieri.Events@waldorfastoria.com<\/a><\/p>\n<p><span style=\"color: #246b1e;\"><a style=\"color: #246b1e;\" href=\"http:\/\/romecavalieri.com\/wp-content\/uploads\/2020\/02\/Bespoke-Events_ENG.pdf\" target=\"_blank\" rel=\"noopener\">PLAN YOUR BESPOKE EVENT<\/a><\/span><\/p>\n<p>OR<\/p>\n<p><span style=\"color: #246b1e;\"><a style=\"color: #246b1e;\" href=\"http:\/\/romecavalieri.com\/wp-content\/uploads\/2020\/02\/Meet-in-Luxury_ENG.pdf\" target=\"_blank\" rel=\"noopener\">MEET IN LUXURY<\/a><\/span><\/p>\n<p>Contact us to start organizing your event at (+39) 06 35092000 or write us at <a href=\"mailto:RomeCavalieri.Events@waldorfastoria.com\">RomeCavalieri.Events@waldorfastoria.com<\/a><\/p>\n<p>Take a virtual tour of some of our most iconic event spaces:<\/p>\n<p><a href=\"https:\/\/hilton-events.com\/waldorf-astoria-rome-cavalieri\/salone-dei-cavalieri\/\" target=\"_blank\" rel=\"noopener\">SALONE DEI CAVALIERI VIRTUAL TOUR<\/a><\/p>\n<p><a href=\"https:\/\/hilton-events.com\/waldorf-astoria-rome-cavalieri\/terazza-degli-aranci\/\" target=\"_blank\" rel=\"noopener\">TERRAZZA DEGLI ARANCI VIRTUAL TOUR<\/a><\/p>\n<p><a href=\"https:\/\/hilton-events.com\/waldorf-astoria-rome-cavalieri\/michelangelo\/\" target=\"_blank\" rel=\"noopener\">SALA MICHELANGELO VIRTUAL TOUR<\/a><\/p>\n<p><a href=\"https:\/\/hilton-events.com\/waldorf-astoria-rome-cavalieri\/sala-monte-mario\/\" target=\"_blank\" rel=\"noopener\">TERRAZZA MONTE MARIO VIRTUAL TOUR<\/a><\/p>\n<p><a href=\"https:\/\/hilton-events.com\/waldorf-astoria-rome-cavalieri\/sala-san-pietro\/\" target=\"_blank\" rel=\"noopener\">SALA SAN PIETRO VIRTUAL TOUR<\/a><\/p>\n<p><a href=\"https:\/\/hilton-events.com\/waldorf-astoria-rome-cavalieri\/sala-belle-arti\/\" target=\"_blank\" rel=\"noopener\">SALA BELLE ARTI VIRTUAL TOUR<\/a><\/p>\n<p><a href=\"https:\/\/hilton-events.com\/waldorf-astoria-rome-cavalieri\/sala-elisse\/\" target=\"_blank\" rel=\"noopener\">SALA ELLISSE VIRTUAL TOUR<\/a><\/p>\n","protected":false},"excerpt":{"rendered":"<p>Quand 2.000 invit\u00e9s se r\u00e9unissent au Rome Cavalieri avec des attentes \u00e9lev\u00e9es, nous mettons toute notre \u00e9nergie afin de les surpasser. T: (+39) 06 35092000 E: RomeCavalieri.Events@waldorfastoria.com PLAN YOUR BESPOKE EVENT OR MEET IN LUXURY Contact us to start organizing your event at (+39) 06 35092000 or write us at RomeCavalieri.Events@waldorfastoria.com Take a virtual tour [&hellip;]<\/p>\n","protected":false},"author":3,"featured_media":2782,"parent":0,"menu_order":0,"comment_status":"closed","ping_status":"closed","template":"templates\/template-conferences.php","meta":{"_acf_changed":false,"footnotes":""},"class_list":["post-4349","page","type-page","status-publish","has-post-thumbnail","hentry"],"acf":[],"_links":{"self":[{"href":"https:\/\/romecavalieri.com\/fr\/wp-json\/wp\/v2\/pages\/4349","targetHints":{"allow":["GET"]}}],"collection":[{"href":"https:\/\/romecavalieri.com\/fr\/wp-json\/wp\/v2\/pages"}],"about":[{"href":"https:\/\/romecavalieri.com\/fr\/wp-json\/wp\/v2\/types\/page"}],"author":[{"embeddable":true,"href":"https:\/\/romecavalieri.com\/fr\/wp-json\/wp\/v2\/users\/3"}],"replies":[{"embeddable":true,"href":"https:\/\/romecavalieri.com\/fr\/wp-json\/wp\/v2\/comments?post=4349"}],"version-history":[{"count":30,"href":"https:\/\/romecavalieri.com\/fr\/wp-json\/wp\/v2\/pages\/4349\/revisions"}],"predecessor-version":[{"id":14975,"href":"https:\/\/romecavalieri.com\/fr\/wp-json\/wp\/v2\/pages\/4349\/revisions\/14975"}],"wp:featuredmedia":[{"embeddable":true,"href":"https:\/\/romecavalieri.com\/fr\/wp-json\/wp\/v2\/media\/2782"}],"wp:attachment":[{"href":"https:\/\/romecavalieri.com\/fr\/wp-json\/wp\/v2\/media?parent=4349"}],"curies":[{"name":"wp","href":"https:\/\/api.w.org\/{rel}","templated":true}]}}