{"id":440,"date":"2016-03-23T09:28:01","date_gmt":"2016-03-23T09:28:01","guid":{"rendered":"http:\/\/rome.staging.folkmatic.com\/fr\/la-pergola\/"},"modified":"2026-04-08T13:54:25","modified_gmt":"2026-04-08T13:54:25","slug":"la-pergola-fr","status":"publish","type":"page","link":"https:\/\/romecavalieri.com\/fr\/la-pergola-fr\/","title":{"rendered":"La Pergola"},"content":{"rendered":"<p>Au sommet du Monte Mario, le restaurant La Pergola s\u2019envole dans les hautes sph\u00e8res de la gastronomie en devenant le premier restaurant \u00e9toil\u00e9 de Rome.<\/p>\n<p><a href=\"https:\/\/qrco.de\/bcWLes\">Frequently Asked Questions<\/a><\/p>\n<p><span style=\"color: #115e11;\"><a style=\"color: #115e11;\" href=\"https:\/\/qrco.de\/bcWLW5\" target=\"_blank\" rel=\"noopener\">Gift Certificates<\/a><\/span><\/p>\n","protected":false},"excerpt":{"rendered":"<p>Au sommet du Monte Mario, le restaurant La Pergola s\u2019envole dans les hautes sph\u00e8res de la gastronomie en devenant le premier restaurant \u00e9toil\u00e9 de Rome. Frequently Asked Questions Gift Certificates<\/p>\n","protected":false},"author":3,"featured_media":14554,"parent":0,"menu_order":0,"comment_status":"closed","ping_status":"closed","template":"templates\/template-feature.php","meta":{"_acf_changed":false,"footnotes":""},"class_list":["post-440","page","type-page","status-publish","has-post-thumbnail","hentry"],"acf":[],"_links":{"self":[{"href":"https:\/\/romecavalieri.com\/fr\/wp-json\/wp\/v2\/pages\/440","targetHints":{"allow":["GET"]}}],"collection":[{"href":"https:\/\/romecavalieri.com\/fr\/wp-json\/wp\/v2\/pages"}],"about":[{"href":"https:\/\/romecavalieri.com\/fr\/wp-json\/wp\/v2\/types\/page"}],"author":[{"embeddable":true,"href":"https:\/\/romecavalieri.com\/fr\/wp-json\/wp\/v2\/users\/3"}],"replies":[{"embeddable":true,"href":"https:\/\/romecavalieri.com\/fr\/wp-json\/wp\/v2\/comments?post=440"}],"version-history":[{"count":185,"href":"https:\/\/romecavalieri.com\/fr\/wp-json\/wp\/v2\/pages\/440\/revisions"}],"predecessor-version":[{"id":17015,"href":"https:\/\/romecavalieri.com\/fr\/wp-json\/wp\/v2\/pages\/440\/revisions\/17015"}],"wp:featuredmedia":[{"embeddable":true,"href":"https:\/\/romecavalieri.com\/fr\/wp-json\/wp\/v2\/media\/14554"}],"wp:attachment":[{"href":"https:\/\/romecavalieri.com\/fr\/wp-json\/wp\/v2\/media?parent=440"}],"curies":[{"name":"wp","href":"https:\/\/api.w.org\/{rel}","templated":true}]}}