{"id":6634,"date":"2017-01-23T10:50:13","date_gmt":"2017-01-23T10:50:13","guid":{"rendered":"http:\/\/romecavalieri.com\/fr\/valentines-day\/"},"modified":"2020-01-27T14:22:17","modified_gmt":"2020-01-27T14:22:17","slug":"saint-valentin","status":"publish","type":"page","link":"https:\/\/romecavalieri.com\/fr\/saint-valentin\/","title":{"rendered":"Saint-Valentin"},"content":{"rendered":"<h2>Le Rome Cavalieri Waldorf Astoria vous permet de surprendre votre moiti\u00e9 en lui offrant un diner inoubliable \u00e0 la Pergola, sign\u00e9 par notre chef Etoil\u00e9 Heinz Beck, ou un massage relaxant en couple au Cavalieri Grand Spa Club.<\/h2>\n<h2>Des cocktails Signatures, des chefs-d&rsquo;\u0153uvre culinaires, de la musique live \u2026 A la Saint-Valentin, l\u2019amour se d\u00e9clare sous les \u00e9toiles au Rome Cavalieri Waldorf Astoria.<\/h2>\n<h2><span style=\"color: #008000;\"><a style=\"color: #008000;\" href=\"http:\/\/romecavalieri.com\/wp-content\/uploads\/2020\/01\/The-Taste-of-Love-at-Rome-Cavalieri-San-Valentino-2020.pdf\" target=\"_blank\" rel=\"noopener\">LE PROGRAMME DE LA SAINT VALENTIN<\/a><\/span><\/h2>\n","protected":false},"excerpt":{"rendered":"<p>Le Rome Cavalieri Waldorf Astoria vous permet de surprendre votre moiti\u00e9 en lui offrant un diner inoubliable \u00e0 la Pergola, sign\u00e9 par notre chef Etoil\u00e9 Heinz Beck, ou un massage relaxant en couple au Cavalieri Grand Spa Club. Des cocktails Signatures, des chefs-d&rsquo;\u0153uvre culinaires, de la musique live \u2026 A la Saint-Valentin, l\u2019amour se d\u00e9clare [&hellip;]<\/p>\n","protected":false},"author":3,"featured_media":14821,"parent":0,"menu_order":0,"comment_status":"closed","ping_status":"closed","template":"templates\/template-room-v2.php","meta":{"_acf_changed":false,"footnotes":""},"class_list":["post-6634","page","type-page","status-publish","has-post-thumbnail","hentry"],"acf":[],"_links":{"self":[{"href":"https:\/\/romecavalieri.com\/fr\/wp-json\/wp\/v2\/pages\/6634","targetHints":{"allow":["GET"]}}],"collection":[{"href":"https:\/\/romecavalieri.com\/fr\/wp-json\/wp\/v2\/pages"}],"about":[{"href":"https:\/\/romecavalieri.com\/fr\/wp-json\/wp\/v2\/types\/page"}],"author":[{"embeddable":true,"href":"https:\/\/romecavalieri.com\/fr\/wp-json\/wp\/v2\/users\/3"}],"replies":[{"embeddable":true,"href":"https:\/\/romecavalieri.com\/fr\/wp-json\/wp\/v2\/comments?post=6634"}],"version-history":[{"count":24,"href":"https:\/\/romecavalieri.com\/fr\/wp-json\/wp\/v2\/pages\/6634\/revisions"}],"predecessor-version":[{"id":11488,"href":"https:\/\/romecavalieri.com\/fr\/wp-json\/wp\/v2\/pages\/6634\/revisions\/11488"}],"wp:featuredmedia":[{"embeddable":true,"href":"https:\/\/romecavalieri.com\/fr\/wp-json\/wp\/v2\/media\/14821"}],"wp:attachment":[{"href":"https:\/\/romecavalieri.com\/fr\/wp-json\/wp\/v2\/media?parent=6634"}],"curies":[{"name":"wp","href":"https:\/\/api.w.org\/{rel}","templated":true}]}}