{"id":7097,"date":"2017-02-09T15:33:38","date_gmt":"2017-02-09T15:33:38","guid":{"rendered":"http:\/\/romecavalieri.com\/fr\/when-in-rome\/"},"modified":"2017-05-30T13:20:24","modified_gmt":"2017-05-30T13:20:24","slug":"a-la-decouverte-de-rome","status":"publish","type":"page","link":"https:\/\/romecavalieri.com\/fr\/a-la-decouverte-de-rome\/","title":{"rendered":"A la d\u00e9couverte de Rome"},"content":{"rendered":"<p>Participez \u00e0 des visites exclusives de palais romains priv\u00e9s, parcourez les rues pittoresques du Trastevere en Vespa vintage et appr\u00e9ciez les restaurants situ\u00e9s dans les coins cach\u00e9s de la Ville Eternelle.<\/p>\n","protected":false},"excerpt":{"rendered":"<p>Participez \u00e0 des visites exclusives de palais romains priv\u00e9s, parcourez les rues pittoresques du Trastevere en Vespa vintage et appr\u00e9ciez les restaurants situ\u00e9s dans les coins cach\u00e9s de la Ville Eternelle.<\/p>\n","protected":false},"author":3,"featured_media":3822,"parent":0,"menu_order":0,"comment_status":"closed","ping_status":"closed","template":"templates\/template-mosaic.php","meta":{"_acf_changed":false,"footnotes":""},"class_list":["post-7097","page","type-page","status-publish","has-post-thumbnail","hentry"],"acf":[],"_links":{"self":[{"href":"https:\/\/romecavalieri.com\/fr\/wp-json\/wp\/v2\/pages\/7097","targetHints":{"allow":["GET"]}}],"collection":[{"href":"https:\/\/romecavalieri.com\/fr\/wp-json\/wp\/v2\/pages"}],"about":[{"href":"https:\/\/romecavalieri.com\/fr\/wp-json\/wp\/v2\/types\/page"}],"author":[{"embeddable":true,"href":"https:\/\/romecavalieri.com\/fr\/wp-json\/wp\/v2\/users\/3"}],"replies":[{"embeddable":true,"href":"https:\/\/romecavalieri.com\/fr\/wp-json\/wp\/v2\/comments?post=7097"}],"version-history":[{"count":2,"href":"https:\/\/romecavalieri.com\/fr\/wp-json\/wp\/v2\/pages\/7097\/revisions"}],"predecessor-version":[{"id":7909,"href":"https:\/\/romecavalieri.com\/fr\/wp-json\/wp\/v2\/pages\/7097\/revisions\/7909"}],"wp:featuredmedia":[{"embeddable":true,"href":"https:\/\/romecavalieri.com\/fr\/wp-json\/wp\/v2\/media\/3822"}],"wp:attachment":[{"href":"https:\/\/romecavalieri.com\/fr\/wp-json\/wp\/v2\/media?parent=7097"}],"curies":[{"name":"wp","href":"https:\/\/api.w.org\/{rel}","templated":true}]}}