{"id":7896,"date":"2017-02-13T17:01:38","date_gmt":"2017-02-13T17:01:38","guid":{"rendered":"http:\/\/romecavalieri.com\/fr\/waldorf-astoria-experiences\/"},"modified":"2017-05-30T11:43:43","modified_gmt":"2017-05-30T11:43:43","slug":"waldorf-astoria-experiences","status":"publish","type":"page","link":"https:\/\/romecavalieri.com\/fr\/waldorf-astoria-experiences\/","title":{"rendered":"Waldorf Astoria Experiences"},"content":{"rendered":"<p>Chaque exp\u00e9rience extraordinaire est inspir\u00e9e par l\u2019histoire et l\u2019h\u00e9ritage de la destination et se r\u00e9alise gr\u00e2ce \u00e0 des services \u00e9l\u00e9gants que seul le nom Waldorf Astoria sait offrir.<\/p>\n","protected":false},"excerpt":{"rendered":"<p>Chaque exp\u00e9rience extraordinaire est inspir\u00e9e par l\u2019histoire et l\u2019h\u00e9ritage de la destination et se r\u00e9alise gr\u00e2ce \u00e0 des services \u00e9l\u00e9gants que seul le nom Waldorf Astoria sait offrir.<\/p>\n","protected":false},"author":3,"featured_media":7080,"parent":0,"menu_order":0,"comment_status":"closed","ping_status":"closed","template":"templates\/template-mosaic.php","meta":{"_acf_changed":false,"footnotes":""},"class_list":["post-7896","page","type-page","status-publish","has-post-thumbnail","hentry"],"acf":[],"_links":{"self":[{"href":"https:\/\/romecavalieri.com\/fr\/wp-json\/wp\/v2\/pages\/7896","targetHints":{"allow":["GET"]}}],"collection":[{"href":"https:\/\/romecavalieri.com\/fr\/wp-json\/wp\/v2\/pages"}],"about":[{"href":"https:\/\/romecavalieri.com\/fr\/wp-json\/wp\/v2\/types\/page"}],"author":[{"embeddable":true,"href":"https:\/\/romecavalieri.com\/fr\/wp-json\/wp\/v2\/users\/3"}],"replies":[{"embeddable":true,"href":"https:\/\/romecavalieri.com\/fr\/wp-json\/wp\/v2\/comments?post=7896"}],"version-history":[{"count":3,"href":"https:\/\/romecavalieri.com\/fr\/wp-json\/wp\/v2\/pages\/7896\/revisions"}],"predecessor-version":[{"id":7916,"href":"https:\/\/romecavalieri.com\/fr\/wp-json\/wp\/v2\/pages\/7896\/revisions\/7916"}],"wp:featuredmedia":[{"embeddable":true,"href":"https:\/\/romecavalieri.com\/fr\/wp-json\/wp\/v2\/media\/7080"}],"wp:attachment":[{"href":"https:\/\/romecavalieri.com\/fr\/wp-json\/wp\/v2\/media?parent=7896"}],"curies":[{"name":"wp","href":"https:\/\/api.w.org\/{rel}","templated":true}]}}