{"id":11724,"date":"2019-05-16T11:43:42","date_gmt":"2019-05-16T11:43:42","guid":{"rendered":"http:\/\/romecavalieri.com\/sustainability\/"},"modified":"2025-09-26T10:17:07","modified_gmt":"2025-09-26T10:17:07","slug":"sostenibilita","status":"publish","type":"page","link":"https:\/\/romecavalieri.com\/it\/sostenibilita\/","title":{"rendered":"Sostenibilit\u00e0"},"content":{"rendered":"<h1><strong><a href=\"https:\/\/qrco.de\/bbwWoI\">SOSTENIBILIT\u00c0 AL ROME CAVALIERI<\/a><\/strong><\/h1>\n<\/p>\n<p>Il tema della Sostenibilit\u00e0 ha per noi grande importanza. Il Rome Cavalieri si \u00e8 impegnato a raggiungere il traguardo della neutralit\u00e0 carbonica, oltre che a diventare \u201cplastic free\u201d. Il primo e fondamentale passo di questo percorso \u00e8 la recente certificazione <a href=\"https:\/\/www.greenkey.global\/\">Green Key<\/a>\u00a0nel 2019 siamo stati il primo hotel a Roma ad averlo ottenuto con riconferma annuale.<\/p>\n<p><img loading=\"lazy\" decoding=\"async\" class=\"alignnone wp-image-11710\" src=\"https:\/\/romecavalieri.com\/wp-content\/uploads\/2020\/02\/greenkey_logo_2012_1-238x300.jpg\" alt=\"\" width=\"68\" height=\"86\" srcset=\"https:\/\/romecavalieri.com\/wp-content\/uploads\/2020\/02\/greenkey_logo_2012_1-238x300.jpg 238w, https:\/\/romecavalieri.com\/wp-content\/uploads\/2020\/02\/greenkey_logo_2012_1-768x968.jpg 768w, https:\/\/romecavalieri.com\/wp-content\/uploads\/2020\/02\/greenkey_logo_2012_1-812x1024.jpg 812w, https:\/\/romecavalieri.com\/wp-content\/uploads\/2020\/02\/greenkey_logo_2012_1-640x807.jpg 640w, https:\/\/romecavalieri.com\/wp-content\/uploads\/2020\/02\/greenkey_logo_2012_1-900x1135.jpg 900w, https:\/\/romecavalieri.com\/wp-content\/uploads\/2020\/02\/greenkey_logo_2012_1-300x378.jpg 300w, https:\/\/romecavalieri.com\/wp-content\/uploads\/2020\/02\/greenkey_logo_2012_1-216x272.jpg 216w, https:\/\/romecavalieri.com\/wp-content\/uploads\/2020\/02\/greenkey_logo_2012_1-224x283.jpg 224w, https:\/\/romecavalieri.com\/wp-content\/uploads\/2020\/02\/greenkey_logo_2012_1.jpg 1101w\" sizes=\"auto, (max-width: 68px) 100vw, 68px\" \/><\/p>\n","protected":false},"excerpt":{"rendered":"<p>SOSTENIBILIT\u00c0 AL ROME CAVALIERI Il tema della Sostenibilit\u00e0 ha per noi grande importanza. Il Rome Cavalieri si \u00e8 impegnato a raggiungere il traguardo della neutralit\u00e0 carbonica, oltre che a diventare \u201cplastic free\u201d. Il primo e fondamentale passo di questo percorso \u00e8 la recente certificazione Green Key\u00a0nel 2019 siamo stati il primo hotel a Roma ad [&hellip;]<\/p>\n","protected":false},"author":3,"featured_media":11278,"parent":0,"menu_order":0,"comment_status":"closed","ping_status":"closed","template":"templates\/template-room-v2.php","meta":{"_acf_changed":false,"footnotes":""},"class_list":["post-11724","page","type-page","status-publish","has-post-thumbnail","hentry"],"acf":[],"_links":{"self":[{"href":"https:\/\/romecavalieri.com\/it\/wp-json\/wp\/v2\/pages\/11724","targetHints":{"allow":["GET"]}}],"collection":[{"href":"https:\/\/romecavalieri.com\/it\/wp-json\/wp\/v2\/pages"}],"about":[{"href":"https:\/\/romecavalieri.com\/it\/wp-json\/wp\/v2\/types\/page"}],"author":[{"embeddable":true,"href":"https:\/\/romecavalieri.com\/it\/wp-json\/wp\/v2\/users\/3"}],"replies":[{"embeddable":true,"href":"https:\/\/romecavalieri.com\/it\/wp-json\/wp\/v2\/comments?post=11724"}],"version-history":[{"count":16,"href":"https:\/\/romecavalieri.com\/it\/wp-json\/wp\/v2\/pages\/11724\/revisions"}],"predecessor-version":[{"id":15016,"href":"https:\/\/romecavalieri.com\/it\/wp-json\/wp\/v2\/pages\/11724\/revisions\/15016"}],"wp:featuredmedia":[{"embeddable":true,"href":"https:\/\/romecavalieri.com\/it\/wp-json\/wp\/v2\/media\/11278"}],"wp:attachment":[{"href":"https:\/\/romecavalieri.com\/it\/wp-json\/wp\/v2\/media?parent=11724"}],"curies":[{"name":"wp","href":"https:\/\/api.w.org\/{rel}","templated":true}]}}