{"id":4329,"date":"2016-04-28T12:19:17","date_gmt":"2016-04-28T12:19:17","guid":{"rendered":"http:\/\/rome.staging.folkmatic.com\/it\/sunday-brunch\/"},"modified":"2025-03-05T16:27:12","modified_gmt":"2025-03-05T16:27:12","slug":"brunch-della-domenica","status":"publish","type":"page","link":"https:\/\/romecavalieri.com\/it\/brunch-della-domenica\/","title":{"rendered":"Il Brunch della Domenica"},"content":{"rendered":"<h3>\nGodetevi una piacevole esperienza gastronomica in compagnia dei vostri amici e parenti al Brunch domenicale del Rome Cavalieri, con specialit\u00e0 e prelibatezze uniche, preparate con prodotti del territorio i cui protagonisti assoluti sono la Sostenibilit\u00e0 e la Tradizione dell\u2019impareggiabile patrimonio culinario del Belpaese.<\/p>\n<p>Il nostro ricco e raffinato men\u00f9 include una selezione di antipasti e insalate, crudi di mare, tartare di manzo, salumi e formaggi, un\u2019ampia variet\u00e0 di primi e secondi tra carne e pesce. Il tutto, \u00e8 reso ancora pi\u00f9 dinamico e coinvolgente grazie alle diverse postazioni con gli Chef all\u2019opera proprio davanti agli ospiti.<\/p>\n<p>Il viaggio gastronomico si conclude con un meraviglioso buffet di dolci e delizione torte.<\/p>\n<p>E mentre gusterete le nostre specialit\u00e0, i vostri bambini potranno divertirsi al Kids Club, con divertenti ed educative attivit\u00e0 guidate da educatori professionisti.<\/p>\n<p>Disponibile stagionalmente da febbraio a maggio e da ottobre a dicembre<\/p>\n<p><a href=\"https:\/\/www.sevenrooms.com\/experiences\/uliveto\/sunday-brunch-6487925158543360\">PRENOTA UN TAVOLO<\/a><\/p>\n<p>Domenica<\/p>\n<p>13.00 \u2013 16.00<\/p>\n<p>Durante l&#8217;anno offriamo Brunch tematici che potrebbero subire variazioni di prezzo. Per maggiori informazioni vi invitiamo a chiamare o scrivere.<\/p>\n<p><a href=\"tel:+390635092145\">+39 (06) 35092145<\/a><\/p>\n<p><a href=\"mailto:ROMHI.FB@waldorfastoria.com\">ROMHI.FB@waldorfastoria.com<\/a><\/p>\n<p>Il programma del brunch della domenica \u00e8 soggetto a modifiche senza preavviso.<br \/>\n<\/h3>\n","protected":false},"excerpt":{"rendered":"<p>Godetevi una piacevole esperienza gastronomica in compagnia dei vostri amici e parenti al Brunch domenicale del Rome Cavalieri, con specialit\u00e0 e prelibatezze uniche, preparate con prodotti del territorio i cui protagonisti assoluti sono la Sostenibilit\u00e0 e la Tradizione dell\u2019impareggiabile patrimonio culinario del Belpaese. Il nostro ricco e raffinato men\u00f9 include una selezione di antipasti e [&hellip;]<\/p>\n","protected":false},"author":3,"featured_media":13004,"parent":0,"menu_order":0,"comment_status":"closed","ping_status":"closed","template":"templates\/template-room-v2.php","meta":{"_acf_changed":false,"footnotes":""},"class_list":["post-4329","page","type-page","status-publish","has-post-thumbnail","hentry"],"acf":[],"_links":{"self":[{"href":"https:\/\/romecavalieri.com\/it\/wp-json\/wp\/v2\/pages\/4329","targetHints":{"allow":["GET"]}}],"collection":[{"href":"https:\/\/romecavalieri.com\/it\/wp-json\/wp\/v2\/pages"}],"about":[{"href":"https:\/\/romecavalieri.com\/it\/wp-json\/wp\/v2\/types\/page"}],"author":[{"embeddable":true,"href":"https:\/\/romecavalieri.com\/it\/wp-json\/wp\/v2\/users\/3"}],"replies":[{"embeddable":true,"href":"https:\/\/romecavalieri.com\/it\/wp-json\/wp\/v2\/comments?post=4329"}],"version-history":[{"count":39,"href":"https:\/\/romecavalieri.com\/it\/wp-json\/wp\/v2\/pages\/4329\/revisions"}],"predecessor-version":[{"id":14854,"href":"https:\/\/romecavalieri.com\/it\/wp-json\/wp\/v2\/pages\/4329\/revisions\/14854"}],"wp:featuredmedia":[{"embeddable":true,"href":"https:\/\/romecavalieri.com\/it\/wp-json\/wp\/v2\/media\/13004"}],"wp:attachment":[{"href":"https:\/\/romecavalieri.com\/it\/wp-json\/wp\/v2\/media?parent=4329"}],"curies":[{"name":"wp","href":"https:\/\/api.w.org\/{rel}","templated":true}]}}