{"id":4479,"date":"2016-05-29T10:22:02","date_gmt":"2016-05-29T10:22:02","guid":{"rendered":"http:\/\/rome.staging.folkmatic.com\/it\/exclusive-city-tours\/"},"modified":"2021-05-04T14:29:40","modified_gmt":"2021-05-04T14:29:40","slug":"tour-esclusivi-in-citta","status":"publish","type":"page","link":"https:\/\/romecavalieri.com\/it\/tour-esclusivi-in-citta\/","title":{"rendered":"Tour Esclusivi in Citt\u00e0"},"content":{"rendered":"<p>Il Rome Cavalieri vi sveler\u00e0 gli angoli pi\u00f9 belli e nascosti della Citt\u00e0 Eterna. Il nostro storico dell\u2019arte vi aprir\u00e0 le porte delle dimore pi\u00f9 esclusive, tuttora abitate dalle nobili famiglie che l&#8217;edificarano secoli fa e che conservano tesori d\u2019arte inestimabili.<\/p>\n","protected":false},"excerpt":{"rendered":"<p>Il Rome Cavalieri vi sveler\u00e0 gli angoli pi\u00f9 belli e nascosti della Citt\u00e0 Eterna. Il nostro storico dell\u2019arte vi aprir\u00e0 le porte delle dimore pi\u00f9 esclusive, tuttora abitate dalle nobili famiglie che l&#8217;edificarano secoli fa e che conservano tesori d\u2019arte inestimabili.<\/p>\n","protected":false},"author":3,"featured_media":5125,"parent":0,"menu_order":0,"comment_status":"closed","ping_status":"closed","template":"templates\/template-room-v2.php","meta":{"_acf_changed":false,"footnotes":""},"class_list":["post-4479","page","type-page","status-publish","has-post-thumbnail","hentry"],"acf":[],"_links":{"self":[{"href":"https:\/\/romecavalieri.com\/it\/wp-json\/wp\/v2\/pages\/4479","targetHints":{"allow":["GET"]}}],"collection":[{"href":"https:\/\/romecavalieri.com\/it\/wp-json\/wp\/v2\/pages"}],"about":[{"href":"https:\/\/romecavalieri.com\/it\/wp-json\/wp\/v2\/types\/page"}],"author":[{"embeddable":true,"href":"https:\/\/romecavalieri.com\/it\/wp-json\/wp\/v2\/users\/3"}],"replies":[{"embeddable":true,"href":"https:\/\/romecavalieri.com\/it\/wp-json\/wp\/v2\/comments?post=4479"}],"version-history":[{"count":6,"href":"https:\/\/romecavalieri.com\/it\/wp-json\/wp\/v2\/pages\/4479\/revisions"}],"predecessor-version":[{"id":12832,"href":"https:\/\/romecavalieri.com\/it\/wp-json\/wp\/v2\/pages\/4479\/revisions\/12832"}],"wp:featuredmedia":[{"embeddable":true,"href":"https:\/\/romecavalieri.com\/it\/wp-json\/wp\/v2\/media\/5125"}],"wp:attachment":[{"href":"https:\/\/romecavalieri.com\/it\/wp-json\/wp\/v2\/media?parent=4479"}],"curies":[{"name":"wp","href":"https:\/\/api.w.org\/{rel}","templated":true}]}}