{"id":4485,"date":"2016-05-29T10:34:55","date_gmt":"2016-05-29T10:34:55","guid":{"rendered":"http:\/\/rome.staging.folkmatic.com\/it\/vatican-museums-sistine-chapel-vatican-gardens\/"},"modified":"2024-11-27T07:54:23","modified_gmt":"2024-11-27T07:54:23","slug":"vaticani","status":"publish","type":"page","link":"https:\/\/romecavalieri.com\/it\/vaticani\/","title":{"rendered":"Musei Vaticani, Giardini e Cappella Sistina"},"content":{"rendered":"<p>Il Rome Cavalieri vi riserver\u00e0 un accesso privilegiato ai luoghi pi\u00f9 sacri e venerati della citt\u00e0. Entrerete dai Musei Vaticani nella Basilica di San Pietro da un ingresso laterale, passando davanti alle tombe di San Pietro e dei Papi, e la Piet\u00e0 di Michelangelo e il Baldacchino del Bernini si sveleranno a voi in tutta la loro maestosa bellezza.<\/p>\n","protected":false},"excerpt":{"rendered":"<p>Il Rome Cavalieri vi riserver\u00e0 un accesso privilegiato ai luoghi pi\u00f9 sacri e venerati della citt\u00e0. Entrerete dai Musei Vaticani nella Basilica di San Pietro da un ingresso laterale, passando davanti alle tombe di San Pietro e dei Papi, e la Piet\u00e0 di Michelangelo e il Baldacchino del Bernini si sveleranno a voi in tutta [&hellip;]<\/p>\n","protected":false},"author":3,"featured_media":3834,"parent":0,"menu_order":0,"comment_status":"closed","ping_status":"closed","template":"templates\/template-room-v2.php","meta":{"_acf_changed":false,"footnotes":""},"class_list":["post-4485","page","type-page","status-publish","has-post-thumbnail","hentry"],"acf":[],"_links":{"self":[{"href":"https:\/\/romecavalieri.com\/it\/wp-json\/wp\/v2\/pages\/4485","targetHints":{"allow":["GET"]}}],"collection":[{"href":"https:\/\/romecavalieri.com\/it\/wp-json\/wp\/v2\/pages"}],"about":[{"href":"https:\/\/romecavalieri.com\/it\/wp-json\/wp\/v2\/types\/page"}],"author":[{"embeddable":true,"href":"https:\/\/romecavalieri.com\/it\/wp-json\/wp\/v2\/users\/3"}],"replies":[{"embeddable":true,"href":"https:\/\/romecavalieri.com\/it\/wp-json\/wp\/v2\/comments?post=4485"}],"version-history":[{"count":10,"href":"https:\/\/romecavalieri.com\/it\/wp-json\/wp\/v2\/pages\/4485\/revisions"}],"predecessor-version":[{"id":14765,"href":"https:\/\/romecavalieri.com\/it\/wp-json\/wp\/v2\/pages\/4485\/revisions\/14765"}],"wp:featuredmedia":[{"embeddable":true,"href":"https:\/\/romecavalieri.com\/it\/wp-json\/wp\/v2\/media\/3834"}],"wp:attachment":[{"href":"https:\/\/romecavalieri.com\/it\/wp-json\/wp\/v2\/media?parent=4485"}],"curies":[{"name":"wp","href":"https:\/\/api.w.org\/{rel}","templated":true}]}}