{"id":4488,"date":"2016-05-29T10:42:19","date_gmt":"2016-05-29T10:42:19","guid":{"rendered":"http:\/\/rome.staging.folkmatic.com\/it\/private-palaces\/"},"modified":"2021-05-04T14:37:54","modified_gmt":"2021-05-04T14:37:54","slug":"palazzi-storici","status":"publish","type":"page","link":"https:\/\/romecavalieri.com\/it\/palazzi-storici\/","title":{"rendered":"Palazzi Storici"},"content":{"rendered":"<p>Il Rome Cavalieri aprir\u00e0 per voi le porte dei pi\u00f9 bei palazzi privati della citt\u00e0, svelando tesori nascosti. Il nostro storico dell\u2019arte vi condurr\u00e0 in una visita privata, illustrandovi i dettagli degli affreschi di Guido Reni al Casino dell\u2019Aurora, padiglione privato nei giardini di Palazzo Pallavicini, costruito nei primi del 1600 per volere di Scipione Borghese che lo adib\u00ec a dimora di famiglia.<\/p>\n","protected":false},"excerpt":{"rendered":"<p>Il Rome Cavalieri aprir\u00e0 per voi le porte dei pi\u00f9 bei palazzi privati della citt\u00e0, svelando tesori nascosti. Il nostro storico dell\u2019arte vi condurr\u00e0 in una visita privata, illustrandovi i dettagli degli affreschi di Guido Reni al Casino dell\u2019Aurora, padiglione privato nei giardini di Palazzo Pallavicini, costruito nei primi del 1600 per volere di Scipione [&hellip;]<\/p>\n","protected":false},"author":3,"featured_media":3874,"parent":0,"menu_order":0,"comment_status":"closed","ping_status":"closed","template":"templates\/template-room-v2.php","meta":{"_acf_changed":false,"footnotes":""},"class_list":["post-4488","page","type-page","status-publish","has-post-thumbnail","hentry"],"acf":[],"_links":{"self":[{"href":"https:\/\/romecavalieri.com\/it\/wp-json\/wp\/v2\/pages\/4488","targetHints":{"allow":["GET"]}}],"collection":[{"href":"https:\/\/romecavalieri.com\/it\/wp-json\/wp\/v2\/pages"}],"about":[{"href":"https:\/\/romecavalieri.com\/it\/wp-json\/wp\/v2\/types\/page"}],"author":[{"embeddable":true,"href":"https:\/\/romecavalieri.com\/it\/wp-json\/wp\/v2\/users\/3"}],"replies":[{"embeddable":true,"href":"https:\/\/romecavalieri.com\/it\/wp-json\/wp\/v2\/comments?post=4488"}],"version-history":[{"count":12,"href":"https:\/\/romecavalieri.com\/it\/wp-json\/wp\/v2\/pages\/4488\/revisions"}],"predecessor-version":[{"id":12834,"href":"https:\/\/romecavalieri.com\/it\/wp-json\/wp\/v2\/pages\/4488\/revisions\/12834"}],"wp:featuredmedia":[{"embeddable":true,"href":"https:\/\/romecavalieri.com\/it\/wp-json\/wp\/v2\/media\/3874"}],"wp:attachment":[{"href":"https:\/\/romecavalieri.com\/it\/wp-json\/wp\/v2\/media?parent=4488"}],"curies":[{"name":"wp","href":"https:\/\/api.w.org\/{rel}","templated":true}]}}