{"id":7099,"date":"2017-02-09T15:33:38","date_gmt":"2017-02-09T15:33:38","guid":{"rendered":"http:\/\/romecavalieri.com\/it\/when-in-rome\/"},"modified":"2022-01-18T16:20:21","modified_gmt":"2022-01-18T16:20:21","slug":"scoprite-roma","status":"publish","type":"page","link":"https:\/\/romecavalieri.com\/it\/scoprite-roma\/","title":{"rendered":"Scoprite Roma"},"content":{"rendered":"<h2>Il Rome Cavalieri vi sveler\u00e0 gli angoli pi\u00f9 belli e nascosti della Citt\u00e0 Eterna e dintorni.<\/h2>\n<\/p>\n<p><a href=\"https:\/\/qrco.de\/bbqhGv\">ROME CAVALIERI LUXURY EXPERIENCES<\/a><\/p>\n","protected":false},"excerpt":{"rendered":"<p>Il Rome Cavalieri vi sveler\u00e0 gli angoli pi\u00f9 belli e nascosti della Citt\u00e0 Eterna e dintorni. ROME CAVALIERI LUXURY EXPERIENCES<\/p>\n","protected":false},"author":3,"featured_media":3824,"parent":0,"menu_order":0,"comment_status":"closed","ping_status":"closed","template":"templates\/template-mosaic.php","meta":{"_acf_changed":false,"footnotes":""},"class_list":["post-7099","page","type-page","status-publish","has-post-thumbnail","hentry"],"acf":[],"_links":{"self":[{"href":"https:\/\/romecavalieri.com\/it\/wp-json\/wp\/v2\/pages\/7099","targetHints":{"allow":["GET"]}}],"collection":[{"href":"https:\/\/romecavalieri.com\/it\/wp-json\/wp\/v2\/pages"}],"about":[{"href":"https:\/\/romecavalieri.com\/it\/wp-json\/wp\/v2\/types\/page"}],"author":[{"embeddable":true,"href":"https:\/\/romecavalieri.com\/it\/wp-json\/wp\/v2\/users\/3"}],"replies":[{"embeddable":true,"href":"https:\/\/romecavalieri.com\/it\/wp-json\/wp\/v2\/comments?post=7099"}],"version-history":[{"count":9,"href":"https:\/\/romecavalieri.com\/it\/wp-json\/wp\/v2\/pages\/7099\/revisions"}],"predecessor-version":[{"id":12511,"href":"https:\/\/romecavalieri.com\/it\/wp-json\/wp\/v2\/pages\/7099\/revisions\/12511"}],"wp:featuredmedia":[{"embeddable":true,"href":"https:\/\/romecavalieri.com\/it\/wp-json\/wp\/v2\/media\/3824"}],"wp:attachment":[{"href":"https:\/\/romecavalieri.com\/it\/wp-json\/wp\/v2\/media?parent=7099"}],"curies":[{"name":"wp","href":"https:\/\/api.w.org\/{rel}","templated":true}]}}