{"id":819,"date":"2016-03-23T09:28:01","date_gmt":"2016-03-23T09:28:01","guid":{"rendered":"http:\/\/rome.staging.folkmatic.com\/it\/la-pergola\/"},"modified":"2026-04-08T13:53:48","modified_gmt":"2026-04-08T13:53:48","slug":"la-pergola-it","status":"publish","type":"page","link":"https:\/\/romecavalieri.com\/it\/la-pergola-it\/","title":{"rendered":"La Pergola"},"content":{"rendered":"<p>Un panorama unico della Citt\u00e0 Eterna si apre alla vista degli ospiti di uno dei ristoranti pi\u00f9 belli del mondo, oggi riaperto con una nuova veste architettonica. Sotto la guida di Heinz Beck \u00e8 divenuto un tempio della gastronomia internazionale, storicamente primo ed ancora oggi unico tre stelle della capitale.<\/p>\n<p><span style=\"color: #115e11;\"><a style=\"color: #115e11;\" href=\"https:\/\/qrco.de\/bcW723\" target=\"_blank\" rel=\"noopener\">Regala una cena<\/a><\/span><\/p>\n<p>Vi invitiamo a consultare il link qui di seguito dove troverete molte informazioni riguardanti la vostra esperienza a La Pergola<\/p>\n<p><a href=\"https:\/\/qrco.de\/bcWLj6\">Domande Frequenti (FAQ)<\/a><\/p>\n","protected":false},"excerpt":{"rendered":"<p>Un panorama unico della Citt\u00e0 Eterna si apre alla vista degli ospiti di uno dei ristoranti pi\u00f9 belli del mondo, oggi riaperto con una nuova veste architettonica. Sotto la guida di Heinz Beck \u00e8 divenuto un tempio della gastronomia internazionale, storicamente primo ed ancora oggi unico tre stelle della capitale. Regala una cena Vi invitiamo [&hellip;]<\/p>\n","protected":false},"author":3,"featured_media":14619,"parent":0,"menu_order":0,"comment_status":"closed","ping_status":"closed","template":"templates\/template-feature.php","meta":{"_acf_changed":false,"footnotes":""},"class_list":["post-819","page","type-page","status-publish","has-post-thumbnail","hentry"],"acf":[],"_links":{"self":[{"href":"https:\/\/romecavalieri.com\/it\/wp-json\/wp\/v2\/pages\/819","targetHints":{"allow":["GET"]}}],"collection":[{"href":"https:\/\/romecavalieri.com\/it\/wp-json\/wp\/v2\/pages"}],"about":[{"href":"https:\/\/romecavalieri.com\/it\/wp-json\/wp\/v2\/types\/page"}],"author":[{"embeddable":true,"href":"https:\/\/romecavalieri.com\/it\/wp-json\/wp\/v2\/users\/3"}],"replies":[{"embeddable":true,"href":"https:\/\/romecavalieri.com\/it\/wp-json\/wp\/v2\/comments?post=819"}],"version-history":[{"count":287,"href":"https:\/\/romecavalieri.com\/it\/wp-json\/wp\/v2\/pages\/819\/revisions"}],"predecessor-version":[{"id":17012,"href":"https:\/\/romecavalieri.com\/it\/wp-json\/wp\/v2\/pages\/819\/revisions\/17012"}],"wp:featuredmedia":[{"embeddable":true,"href":"https:\/\/romecavalieri.com\/it\/wp-json\/wp\/v2\/media\/14619"}],"wp:attachment":[{"href":"https:\/\/romecavalieri.com\/it\/wp-json\/wp\/v2\/media?parent=819"}],"curies":[{"name":"wp","href":"https:\/\/api.w.org\/{rel}","templated":true}]}}