{"id":9418,"date":"2018-05-28T09:20:47","date_gmt":"2018-05-28T09:20:47","guid":{"rendered":"http:\/\/romecavalieri.com\/it\/?page_id=9418"},"modified":"2018-05-28T09:33:16","modified_gmt":"2018-05-28T09:33:16","slug":"cookies","status":"publish","type":"page","link":"https:\/\/romecavalieri.com\/it\/cookies\/","title":{"rendered":"Cookies"},"content":{"rendered":"<p>COSA SONO I COOKIE E COME SONO UTILIZZATI<\/p>\n<p>I cookie sono piccoli file di testo che i siti Web visitati dall&#8217;utente inviano direttamente al suo terminale. Tali cookie sono memorizzati nel terminale dell&#8217;utente per essere ritrasmessi agli stessi siti Web quando l&#8217;utente li accede nuovamente (i cosiddetti cookie proprietari). Durante la navigazione su un sito Web, l&#8217;utente pu\u00f2 ricevere sul suo terminale anche cookie di diversi siti Web o server Web (i cosiddetti cookie di terze parti); ci\u00f2 accade perch\u00e9 i siti Web visitati contengono elementi come immagini, mappe, collegamenti specifici a pagine di altri siti Web ospitati su un server diverso da quello su cui \u00e8 ospitata la pagina richiesta. Questi sono quei cookie che sono impostati da un sito web diverso da quello che l&#8217;utente sta visitando.<\/p>\n<p>I cookie possono essere limitati a una singola sessione di navigazione (i cosiddetti cookie di sessione) e, in tal caso, si disattivano automaticamente alla chiusura del browser. Alcuni altri cookie possono avere una data di scadenza prestabilita e, in tal caso, rimarranno memorizzati e attivi nel disco rigido dell&#8217;utente fino alla data di scadenza, continuando a raccogliere informazioni nel corso delle sessioni di navigazione successive (i cosiddetti cookie permanenti) . I cookie sono usati per scopi diversi. Alcuni di questi sono utilizzati per consentire all&#8217;utente di visitare un sito Web e utilizzare le sue funzionalit\u00e0 (i cosiddetti cookie tecnici). Alcuni altri cookie vengono utilizzati al fine di raccogliere informazioni statistiche, in forma aggregata o non aggregata, sul numero di utenti che accedono a un sito Web e su come viene utilizzato un sito Web (i cosiddetti cookie di monitoraggio o di analisi). Altri cookie sono utilizzati per tracciare il profilo dell&#8217;utente come un consumatore e visualizzare annunci coerenti con i tuoi interessi (i cosiddetti cookie di profilazione).<\/p>\n<p>Per ulteriori dettagli su queste categorie di cookie e per sapere quali di essi sono utilizzati sul sito Web, continua a leggere questa cookie policy. Scopri come funzionano e a cosa servono e scegli liberamente se acconsentire al loro utilizzo.<\/p>\n<p>Utilizziamo i seguenti cookie sul nostro sito:<\/p>\n<table class=\"cookies-table\">\n<tbody>\n<tr>\n<td>Cookies<\/td>\n<td>Provider<\/td>\n<td>Utilizzo<\/td>\n<\/tr>\n<tr>\n<td>AMCVS_, AMCV_, s_dfa, s_cc, gpv_v9, s_sq<\/td>\n<td>Adobe Analytics<\/td>\n<td><a href=\"https:\/\/www.adobe.com\/rs\/privacy\/opt-out.html\">https:\/\/www.adobe.com\/rs\/privacy\/opt-out.html<\/a><\/td>\n<\/tr>\n<tr>\n<td>_sdsat_landing_page,<br \/>\n_sdsat_session_count,<br \/>\n_sdsat_lt_pages_viewed,<br \/>\n_sdsat_traffic_source,<br \/>\n_sdsat_pages_viewed<\/td>\n<td>Adobe Tag Manager<\/td>\n<td><a href=\"https:\/\/www.adobe.com\/rs\/privacy\/opt-out.html\">https:\/\/www.adobe.com\/rs\/privacy\/opt-out.html<\/a><\/td>\n<\/tr>\n<tr>\n<td>dtLatC, dtPC, rxVisitor, dtCookie, dtSa, rxvt<\/td>\n<td>Dynatrace<\/td>\n<td>Questi cookie abilitano Dynatrace Monitoring<\/td>\n<\/tr>\n<tr>\n<td>_ga, _gid, _gat<\/td>\n<td>Google Analytics<\/td>\n<td>Utilizziamo Google Analytics, un servizio di analisi web fornito da Google, Inc. Google Analytics imposta un cookie per valutare l&#8217;utilizzo di vari servizi e compilare un rapporto per noi. Cliccate qui <a title=\"Opt-out of Google Analytics cookies\" href=\"https:\/\/tools.google.com\/dlpage\/gaoptout?hl=en\"> se desiderate fare &#8220;Opt-out&#8221; di cookies di Google Analytics<\/a><\/td>\n<\/tr>\n<tr>\n<td>_icl_current_language<\/td>\n<td>Language manager<\/td>\n<td>Utilizziamo questo cookie per riconoscere quale lingua hai scelto durante la tua ultima visita a questo sito web<\/td>\n<\/tr>\n<tr>\n<td>header_alert_bar, complianceCookie<\/td>\n<td>Rome Cavalieri<\/td>\n<td>Cookies obbligatori<\/td>\n<\/tr>\n<\/tbody>\n<\/table>\n","protected":false},"excerpt":{"rendered":"<p>COSA SONO I COOKIE E COME SONO UTILIZZATI I cookie sono piccoli file di testo che i siti Web visitati dall&#8217;utente inviano direttamente al suo terminale. Tali cookie sono memorizzati nel terminale dell&#8217;utente per essere ritrasmessi agli stessi siti Web quando l&#8217;utente li accede nuovamente (i cosiddetti cookie proprietari). Durante la navigazione su un sito [&hellip;]<\/p>\n","protected":false},"author":3,"featured_media":3489,"parent":0,"menu_order":0,"comment_status":"closed","ping_status":"closed","template":"templates\/template-cookies.php","meta":{"_acf_changed":false,"footnotes":""},"class_list":["post-9418","page","type-page","status-publish","has-post-thumbnail","hentry"],"acf":[],"_links":{"self":[{"href":"https:\/\/romecavalieri.com\/it\/wp-json\/wp\/v2\/pages\/9418","targetHints":{"allow":["GET"]}}],"collection":[{"href":"https:\/\/romecavalieri.com\/it\/wp-json\/wp\/v2\/pages"}],"about":[{"href":"https:\/\/romecavalieri.com\/it\/wp-json\/wp\/v2\/types\/page"}],"author":[{"embeddable":true,"href":"https:\/\/romecavalieri.com\/it\/wp-json\/wp\/v2\/users\/3"}],"replies":[{"embeddable":true,"href":"https:\/\/romecavalieri.com\/it\/wp-json\/wp\/v2\/comments?post=9418"}],"version-history":[{"count":6,"href":"https:\/\/romecavalieri.com\/it\/wp-json\/wp\/v2\/pages\/9418\/revisions"}],"predecessor-version":[{"id":9424,"href":"https:\/\/romecavalieri.com\/it\/wp-json\/wp\/v2\/pages\/9418\/revisions\/9424"}],"wp:featuredmedia":[{"embeddable":true,"href":"https:\/\/romecavalieri.com\/it\/wp-json\/wp\/v2\/media\/3489"}],"wp:attachment":[{"href":"https:\/\/romecavalieri.com\/it\/wp-json\/wp\/v2\/media?parent=9418"}],"curies":[{"name":"wp","href":"https:\/\/api.w.org\/{rel}","templated":true}]}}